{"id":15811,"date":"2025-01-23T20:38:21","date_gmt":"2025-01-23T19:38:21","guid":{"rendered":"https:\/\/www.amstelprinting.nl\/winkel\/senza-categoria\/reclamebord\/"},"modified":"2026-02-18T12:40:43","modified_gmt":"2026-02-18T11:40:43","slug":"insegna-pubblicitaria","status":"publish","type":"product","link":"https:\/\/www.amstelprinting.nl\/it\/negozio\/pubblicita-esterna\/cartelloni-pubblicitari\/insegna-pubblicitaria\/","title":{"rendered":"Insegna pubblicitaria"},"content":{"rendered":"<p>I cartelli pubblicitari mettono in risalto il tuo messaggio nel formato massimo. Presso Amstel Printing \u00e8 possibile trovare un tipo di cartello pubblicitario adatto per ogni applicazione.<\/p>\n<h2>Materiale del pannello<\/h2>\n<p>Scegli tra uno dei cinque diversi tipi di materiali. Di seguito spieghiamo brevemente le propriet\u00e0 per ogni tipo di materiale.<\/p>\n<p><strong>Forex<\/strong><br \/>\nIl Forex \u00e8 un pannello leggero in PVC espanso, ideale per uso interno.<\/p>\n<p><strong>Dibond\u00ae<\/strong><br \/>\nIl Dibond\u00ae \u00e8 uno dei tipi di pannelli pi\u00f9 venduti. Il cartello pubblicitario in Dibond ha un\u2019anima in alluminio e uno strato superficiale bianco. \u00c8 dimensionalmente stabile, adatto per uso interno ed esterno.<\/p>\n<p><strong>Easyprint<\/strong><br \/>\nEasyprint \u00e8 un materiale in lastre leggero e robusto realizzato in polipropilene.<\/p>\n<p><strong>HPL<\/strong><br \/>\nHai bisogno di un cartello pubblicitario resistente per applicazioni gravose? Allora scegli un cartello pubblicitario in HPL. Il robusto pannello HPL con anima marrone e strato superiore bianco \u00e8 adatto per uso interno ed esterno.<\/p>\n<p><strong>Pannello alveolare<\/strong><br \/>\nPannello alveolare in plastica per uso interno ed esterno. La composizione flessibile di questo materiale lo rende estremamente adatto per piegare il cartello pubblicitario.<\/p>\n<p><strong>Akylite<\/strong><br \/>\nAkylite \u00e8 noto per le sue propriet\u00e0 di leggerezza e robustezza. Un cartello pubblicitario in Akylite \u00e8 un pannello (con anima a nido d&#8217;ape) che \u00e8 inoltre privo di PVC. Adatto per uso interno ed esterno.<\/p>\n<p><strong>Sign Again\u00ae<\/strong><br \/>\nCerchi una variante sostenibile? Scegli allora il materiale circolare realizzato con striscioni usati e scarti di taglio. Adatto per interno ed esterno, resistente agli urti e flessibile.<\/p>\n<h3>Stampa monofacciale o bifacciale<\/h3>\n<p>Al momento dell&#8217;ordine del tuo cartello pubblicitario, puoi scegliere la stampa monofacciale o bifacciale nel configuratore. Ideale se desideri mostrare la stampa sul cartello pubblicitario su entrambi i lati. Nota bene: non tutti i tipi di materiali in lastre (come descritto sopra) sono disponibili per i cartelli pubblicitari stampati fronte-retro.<\/p>\n<h3>Domande frequenti<\/h3>\n<p><strong>Perch\u00e9 scegliere un rivestimento?<\/strong><br \/>\nGrazie al rivestimento opzionale, viene garantita la massima durata. Grazie al rivestimento, non solo aumenta l&#8217;intensit\u00e0 del colore, ma la stampa \u00e8 anche pi\u00f9 resistente a vari fattori ambientali.<\/p>\n<p><strong>Quali tipi di rivestimenti sono disponibili?<\/strong><br \/>\nAmstel Printing fornisce cartelli pubblicitari con rivestimento opaco o lucido.<\/p>\n<p><strong>Che effetto ha il tipo di rivestimento sulla stampa?<\/strong><br \/>\nCon un rivestimento opaco, l&#8217;aspetto della stampa \u00e8 leggermente pi\u00f9 spento, ma il testo \u00e8 pi\u00f9 leggibile. L&#8217;effetto di un rivestimento lucido \u00e8 che pu\u00f2 riflettere la luce. D&#8217;altra parte, i colori sono pi\u00f9 luminosi e vivaci rispetto a un rivestimento opaco.<\/p>\n<p><strong>Qual \u00e8 la differenza di aspetto tra un rivestimento lucido e uno opaco?<\/strong><br \/>\nCon un rivestimento lucido si ottengono colori brillanti e vivaci, ma la superficie presenta un leggero riflesso. Un rivestimento opaco conferisce un&#8217;immagine leggermente pi\u00f9 spenta, ma i testi sono invece pi\u00f9 leggibili.<\/p>\n","protected":false},"excerpt":{"rendered":"<h3>Adatto sia per interni che per esterni<\/h3>\n<p>Metti in risalto il nome della tua azienda o le informazioni con questo cartello pubblicitario. Adatto per interni ed esterni. Disponibile in vari formati e finiture. Configura il tuo cartello pubblicitario come desideri qui sotto.<\/p>\n","protected":false},"featured_media":15812,"template":"","meta":{"_et_pb_use_builder":"","_et_pb_old_content":"","_et_gb_content_width":""},"product_brand":[],"product_cat":[467,447],"product_tag":[],"class_list":{"0":"post-15811","1":"product","2":"type-product","3":"status-publish","4":"has-post-thumbnail","6":"product_cat-cartelloni-pubblicitari","7":"product_cat-pubblicita-esterna","9":"first","10":"instock","11":"taxable","12":"shipping-taxable","13":"purchasable","14":"product-type-simple"},"yoast_head":"<!-- This site is optimized with the Yoast SEO plugin v27.3 - https:\/\/yoast.com\/product\/yoast-seo-wordpress\/ -->\n<title>Stampa di insegne pubblicitarie | Amstel Printing<\/title>\n<meta name=\"description\" content=\"Vuoi ricevere domani la tua insegna pubblicitaria stampata? Ordina entro le 21:30. \u00c8 possibile anche la stampa fronte-retro di questa insegna! Progetta e calcola qui la tua insegna pubblicitaria!\" \/>\n<meta name=\"robots\" content=\"index, follow, max-snippet:-1, max-image-preview:large, max-video-preview:-1\" \/>\n<link rel=\"canonical\" href=\"https:\/\/www.amstelprinting.nl\/it\/negozio\/pubblicita-esterna\/cartelloni-pubblicitari\/insegna-pubblicitaria\/\" \/>\n<meta property=\"og:locale\" content=\"it_IT\" \/>\n<meta property=\"og:type\" content=\"article\" \/>\n<meta property=\"og:title\" content=\"Stampa di insegne pubblicitarie | Amstel Printing\" \/>\n<meta property=\"og:description\" content=\"Vuoi ricevere domani la tua insegna pubblicitaria stampata? Ordina entro le 21:30. \u00c8 possibile anche la stampa fronte-retro di questa insegna! Progetta e calcola qui la tua insegna pubblicitaria!\" \/>\n<meta property=\"og:url\" content=\"https:\/\/www.amstelprinting.nl\/it\/negozio\/pubblicita-esterna\/cartelloni-pubblicitari\/insegna-pubblicitaria\/\" \/>\n<meta property=\"og:site_name\" content=\"Amstel Printing\" \/>\n<meta property=\"article:modified_time\" content=\"2026-02-18T11:40:43+00:00\" \/>\n<meta property=\"og:image\" content=\"https:\/\/www.amstelprinting.nl\/wp-content\/uploads\/reclamebord-bedrukken-2.png\" \/>\n\t<meta property=\"og:image:width\" content=\"900\" \/>\n\t<meta property=\"og:image:height\" content=\"900\" \/>\n\t<meta property=\"og:image:type\" content=\"image\/png\" \/>\n<meta name=\"twitter:card\" content=\"summary_large_image\" \/>\n<meta name=\"twitter:label1\" content=\"Tempo di lettura stimato\" \/>\n\t<meta name=\"twitter:data1\" content=\"2 minuti\" \/>\n<script type=\"application\/ld+json\" class=\"yoast-schema-graph\">{\"@context\":\"https:\\\/\\\/schema.org\",\"@graph\":[{\"@type\":\"WebPage\",\"@id\":\"https:\\\/\\\/www.amstelprinting.nl\\\/it\\\/negozio\\\/pubblicita-esterna\\\/cartelloni-pubblicitari\\\/insegna-pubblicitaria\\\/\",\"url\":\"https:\\\/\\\/www.amstelprinting.nl\\\/it\\\/negozio\\\/pubblicita-esterna\\\/cartelloni-pubblicitari\\\/insegna-pubblicitaria\\\/\",\"name\":\"Stampa di insegne pubblicitarie | Amstel Printing\",\"isPartOf\":{\"@id\":\"https:\\\/\\\/www.amstelprinting.nl\\\/it\\\/#website\"},\"primaryImageOfPage\":{\"@id\":\"https:\\\/\\\/www.amstelprinting.nl\\\/it\\\/negozio\\\/pubblicita-esterna\\\/cartelloni-pubblicitari\\\/insegna-pubblicitaria\\\/#primaryimage\"},\"image\":{\"@id\":\"https:\\\/\\\/www.amstelprinting.nl\\\/it\\\/negozio\\\/pubblicita-esterna\\\/cartelloni-pubblicitari\\\/insegna-pubblicitaria\\\/#primaryimage\"},\"thumbnailUrl\":\"https:\\\/\\\/www.amstelprinting.nl\\\/wp-content\\\/uploads\\\/reclamebord-bedrukken-2.png\",\"datePublished\":\"2025-01-23T19:38:21+00:00\",\"dateModified\":\"2026-02-18T11:40:43+00:00\",\"description\":\"Vuoi ricevere domani la tua insegna pubblicitaria stampata? Ordina entro le 21:30. \u00c8 possibile anche la stampa fronte-retro di questa insegna! Progetta e calcola qui la tua insegna pubblicitaria!\",\"breadcrumb\":{\"@id\":\"https:\\\/\\\/www.amstelprinting.nl\\\/it\\\/negozio\\\/pubblicita-esterna\\\/cartelloni-pubblicitari\\\/insegna-pubblicitaria\\\/#breadcrumb\"},\"inLanguage\":\"it-IT\",\"potentialAction\":[{\"@type\":\"ReadAction\",\"target\":[\"https:\\\/\\\/www.amstelprinting.nl\\\/it\\\/negozio\\\/pubblicita-esterna\\\/cartelloni-pubblicitari\\\/insegna-pubblicitaria\\\/\"]}]},{\"@type\":\"ImageObject\",\"inLanguage\":\"it-IT\",\"@id\":\"https:\\\/\\\/www.amstelprinting.nl\\\/it\\\/negozio\\\/pubblicita-esterna\\\/cartelloni-pubblicitari\\\/insegna-pubblicitaria\\\/#primaryimage\",\"url\":\"https:\\\/\\\/www.amstelprinting.nl\\\/wp-content\\\/uploads\\\/reclamebord-bedrukken-2.png\",\"contentUrl\":\"https:\\\/\\\/www.amstelprinting.nl\\\/wp-content\\\/uploads\\\/reclamebord-bedrukken-2.png\",\"width\":900,\"height\":900},{\"@type\":\"BreadcrumbList\",\"@id\":\"https:\\\/\\\/www.amstelprinting.nl\\\/it\\\/negozio\\\/pubblicita-esterna\\\/cartelloni-pubblicitari\\\/insegna-pubblicitaria\\\/#breadcrumb\",\"itemListElement\":[{\"@type\":\"ListItem\",\"position\":1,\"name\":\"\",\"item\":\"https:\\\/\\\/www.amstelprinting.nl\\\/it\\\/\"},{\"@type\":\"ListItem\",\"position\":2,\"name\":\"Amstel Printing\",\"item\":\"https:\\\/\\\/www.amstelprinting.nl\\\/it\\\/negozio\\\/\"},{\"@type\":\"ListItem\",\"position\":3,\"name\":\"Pubblicit\u00e0 esterna\",\"item\":\"https:\\\/\\\/www.amstelprinting.nl\\\/it\\\/categoria\\\/pubblicita-esterna\\\/\"},{\"@type\":\"ListItem\",\"position\":4,\"name\":\"Cartelloni pubblicitari\",\"item\":\"https:\\\/\\\/www.amstelprinting.nl\\\/it\\\/categoria\\\/pubblicita-esterna\\\/cartelloni-pubblicitari\\\/\"},{\"@type\":\"ListItem\",\"position\":5,\"name\":\"Insegna pubblicitaria\"}]},{\"@type\":\"WebSite\",\"@id\":\"https:\\\/\\\/www.amstelprinting.nl\\\/it\\\/#website\",\"url\":\"https:\\\/\\\/www.amstelprinting.nl\\\/it\\\/\",\"name\":\"Amstel Printing\",\"description\":\"Creating Exposure\",\"publisher\":{\"@id\":\"https:\\\/\\\/www.amstelprinting.nl\\\/it\\\/#organization\"},\"potentialAction\":[{\"@type\":\"SearchAction\",\"target\":{\"@type\":\"EntryPoint\",\"urlTemplate\":\"https:\\\/\\\/www.amstelprinting.nl\\\/it\\\/?s={search_term_string}\"},\"query-input\":{\"@type\":\"PropertyValueSpecification\",\"valueRequired\":true,\"valueName\":\"search_term_string\"}}],\"inLanguage\":\"it-IT\"},{\"@type\":\"Organization\",\"@id\":\"https:\\\/\\\/www.amstelprinting.nl\\\/it\\\/#organization\",\"name\":\"Amstel Printing\",\"url\":\"https:\\\/\\\/www.amstelprinting.nl\\\/it\\\/\",\"logo\":{\"@type\":\"ImageObject\",\"inLanguage\":\"it-IT\",\"@id\":\"https:\\\/\\\/www.amstelprinting.nl\\\/it\\\/#\\\/schema\\\/logo\\\/image\\\/\",\"url\":\"https:\\\/\\\/www.amstelprinting.nl\\\/wp-content\\\/uploads\\\/amstel_printing_logo_clean.png\",\"contentUrl\":\"https:\\\/\\\/www.amstelprinting.nl\\\/wp-content\\\/uploads\\\/amstel_printing_logo_clean.png\",\"width\":324,\"height\":73,\"caption\":\"Amstel Printing\"},\"image\":{\"@id\":\"https:\\\/\\\/www.amstelprinting.nl\\\/it\\\/#\\\/schema\\\/logo\\\/image\\\/\"}}]}<\/script>\n<!-- \/ Yoast SEO plugin. -->","yoast_head_json":{"title":"Stampa di insegne pubblicitarie | Amstel Printing","description":"Vuoi ricevere domani la tua insegna pubblicitaria stampata? Ordina entro le 21:30. \u00c8 possibile anche la stampa fronte-retro di questa insegna! Progetta e calcola qui la tua insegna pubblicitaria!","robots":{"index":"index","follow":"follow","max-snippet":"max-snippet:-1","max-image-preview":"max-image-preview:large","max-video-preview":"max-video-preview:-1"},"canonical":"https:\/\/www.amstelprinting.nl\/it\/negozio\/pubblicita-esterna\/cartelloni-pubblicitari\/insegna-pubblicitaria\/","og_locale":"it_IT","og_type":"article","og_title":"Stampa di insegne pubblicitarie | Amstel Printing","og_description":"Vuoi ricevere domani la tua insegna pubblicitaria stampata? Ordina entro le 21:30. \u00c8 possibile anche la stampa fronte-retro di questa insegna! Progetta e calcola qui la tua insegna pubblicitaria!","og_url":"https:\/\/www.amstelprinting.nl\/it\/negozio\/pubblicita-esterna\/cartelloni-pubblicitari\/insegna-pubblicitaria\/","og_site_name":"Amstel Printing","article_modified_time":"2026-02-18T11:40:43+00:00","og_image":[{"width":900,"height":900,"url":"https:\/\/www.amstelprinting.nl\/wp-content\/uploads\/reclamebord-bedrukken-2.png","type":"image\/png"}],"twitter_card":"summary_large_image","twitter_misc":{"Tempo di lettura stimato":"2 minuti"},"schema":{"@context":"https:\/\/schema.org","@graph":[{"@type":"WebPage","@id":"https:\/\/www.amstelprinting.nl\/it\/negozio\/pubblicita-esterna\/cartelloni-pubblicitari\/insegna-pubblicitaria\/","url":"https:\/\/www.amstelprinting.nl\/it\/negozio\/pubblicita-esterna\/cartelloni-pubblicitari\/insegna-pubblicitaria\/","name":"Stampa di insegne pubblicitarie | Amstel Printing","isPartOf":{"@id":"https:\/\/www.amstelprinting.nl\/it\/#website"},"primaryImageOfPage":{"@id":"https:\/\/www.amstelprinting.nl\/it\/negozio\/pubblicita-esterna\/cartelloni-pubblicitari\/insegna-pubblicitaria\/#primaryimage"},"image":{"@id":"https:\/\/www.amstelprinting.nl\/it\/negozio\/pubblicita-esterna\/cartelloni-pubblicitari\/insegna-pubblicitaria\/#primaryimage"},"thumbnailUrl":"https:\/\/www.amstelprinting.nl\/wp-content\/uploads\/reclamebord-bedrukken-2.png","datePublished":"2025-01-23T19:38:21+00:00","dateModified":"2026-02-18T11:40:43+00:00","description":"Vuoi ricevere domani la tua insegna pubblicitaria stampata? Ordina entro le 21:30. \u00c8 possibile anche la stampa fronte-retro di questa insegna! Progetta e calcola qui la tua insegna pubblicitaria!","breadcrumb":{"@id":"https:\/\/www.amstelprinting.nl\/it\/negozio\/pubblicita-esterna\/cartelloni-pubblicitari\/insegna-pubblicitaria\/#breadcrumb"},"inLanguage":"it-IT","potentialAction":[{"@type":"ReadAction","target":["https:\/\/www.amstelprinting.nl\/it\/negozio\/pubblicita-esterna\/cartelloni-pubblicitari\/insegna-pubblicitaria\/"]}]},{"@type":"ImageObject","inLanguage":"it-IT","@id":"https:\/\/www.amstelprinting.nl\/it\/negozio\/pubblicita-esterna\/cartelloni-pubblicitari\/insegna-pubblicitaria\/#primaryimage","url":"https:\/\/www.amstelprinting.nl\/wp-content\/uploads\/reclamebord-bedrukken-2.png","contentUrl":"https:\/\/www.amstelprinting.nl\/wp-content\/uploads\/reclamebord-bedrukken-2.png","width":900,"height":900},{"@type":"BreadcrumbList","@id":"https:\/\/www.amstelprinting.nl\/it\/negozio\/pubblicita-esterna\/cartelloni-pubblicitari\/insegna-pubblicitaria\/#breadcrumb","itemListElement":[{"@type":"ListItem","position":1,"name":"","item":"https:\/\/www.amstelprinting.nl\/it\/"},{"@type":"ListItem","position":2,"name":"Amstel Printing","item":"https:\/\/www.amstelprinting.nl\/it\/negozio\/"},{"@type":"ListItem","position":3,"name":"Pubblicit\u00e0 esterna","item":"https:\/\/www.amstelprinting.nl\/it\/categoria\/pubblicita-esterna\/"},{"@type":"ListItem","position":4,"name":"Cartelloni pubblicitari","item":"https:\/\/www.amstelprinting.nl\/it\/categoria\/pubblicita-esterna\/cartelloni-pubblicitari\/"},{"@type":"ListItem","position":5,"name":"Insegna pubblicitaria"}]},{"@type":"WebSite","@id":"https:\/\/www.amstelprinting.nl\/it\/#website","url":"https:\/\/www.amstelprinting.nl\/it\/","name":"Amstel Printing","description":"Creating Exposure","publisher":{"@id":"https:\/\/www.amstelprinting.nl\/it\/#organization"},"potentialAction":[{"@type":"SearchAction","target":{"@type":"EntryPoint","urlTemplate":"https:\/\/www.amstelprinting.nl\/it\/?s={search_term_string}"},"query-input":{"@type":"PropertyValueSpecification","valueRequired":true,"valueName":"search_term_string"}}],"inLanguage":"it-IT"},{"@type":"Organization","@id":"https:\/\/www.amstelprinting.nl\/it\/#organization","name":"Amstel Printing","url":"https:\/\/www.amstelprinting.nl\/it\/","logo":{"@type":"ImageObject","inLanguage":"it-IT","@id":"https:\/\/www.amstelprinting.nl\/it\/#\/schema\/logo\/image\/","url":"https:\/\/www.amstelprinting.nl\/wp-content\/uploads\/amstel_printing_logo_clean.png","contentUrl":"https:\/\/www.amstelprinting.nl\/wp-content\/uploads\/amstel_printing_logo_clean.png","width":324,"height":73,"caption":"Amstel Printing"},"image":{"@id":"https:\/\/www.amstelprinting.nl\/it\/#\/schema\/logo\/image\/"}}]}},"_links":{"self":[{"href":"https:\/\/www.amstelprinting.nl\/it\/wp-json\/wp\/v2\/product\/15811","targetHints":{"allow":["GET"]}}],"collection":[{"href":"https:\/\/www.amstelprinting.nl\/it\/wp-json\/wp\/v2\/product"}],"about":[{"href":"https:\/\/www.amstelprinting.nl\/it\/wp-json\/wp\/v2\/types\/product"}],"wp:featuredmedia":[{"embeddable":true,"href":"https:\/\/www.amstelprinting.nl\/it\/wp-json\/wp\/v2\/media\/15812"}],"wp:attachment":[{"href":"https:\/\/www.amstelprinting.nl\/it\/wp-json\/wp\/v2\/media?parent=15811"}],"wp:term":[{"taxonomy":"product_brand","embeddable":true,"href":"https:\/\/www.amstelprinting.nl\/it\/wp-json\/wp\/v2\/product_brand?post=15811"},{"taxonomy":"product_cat","embeddable":true,"href":"https:\/\/www.amstelprinting.nl\/it\/wp-json\/wp\/v2\/product_cat?post=15811"},{"taxonomy":"product_tag","embeddable":true,"href":"https:\/\/www.amstelprinting.nl\/it\/wp-json\/wp\/v2\/product_tag?post=15811"}],"curies":[{"name":"wp","href":"https:\/\/api.w.org\/{rel}","templated":true}]}}