{"id":15876,"date":"2025-01-21T20:06:51","date_gmt":"2025-01-21T19:06:51","guid":{"rendered":"https:\/\/www.amstelprinting.nl\/winkel\/senza-categoria\/reclamebord-met-beschermlak\/"},"modified":"2026-02-18T12:40:44","modified_gmt":"2026-02-18T11:40:44","slug":"insegna-pubblicitaria-con-vernice-protettiva","status":"publish","type":"product","link":"https:\/\/www.amstelprinting.nl\/it\/negozio\/pubblicita-esterna\/cartelloni-pubblicitari\/insegna-pubblicitaria-con-vernice-protettiva\/","title":{"rendered":"Insegna pubblicitaria con vernice protettiva"},"content":{"rendered":"<h3>Stampa insegne pubblicitarie<\/h3>\n<p>Le insegne pubblicitarie hanno molte applicazioni e vengono spesso utilizzate (stampate con il logo aziendale o un messaggio) come mezzo promozionale per edifici aziendali, eventi, facciate di negozi, uffici, ma anche per l&#8217;uso lungo le autostrade, i cantieri e gli spazi pubblici.<\/p>\n<h3>Materiale &amp; Qualit\u00e0<\/h3>\n<p>L&#8217;insegna pubblicitaria \u00e8 disponibile in tre diversi tipi di materiali Dibond\u00ae. Dibond\u00ae \u00e8 un pannello sandwich premium con anima nera adatto sia per uso interno che esterno. Di seguito spieghiamo brevemente le propriet\u00e0 per ogni tipo di lastra Dibond\u00ae.<\/p>\n<p><strong>Dibond\u00ae Digitale (3mm)<\/strong><br \/>\nLa nostra opzione standard, ideale per stampe digitali di alta qualit\u00e0. Questo materiale spesso 3 mm combina robustezza con una struttura leggera, adatto sia per uso interno che esterno.<\/p>\n<p><strong>Dibond\u00ae Budget (6mm)<\/strong><br \/>\nL&#8217;opzione economica con uno spessore di 6 mm, offre robustezza extra senza compromettere la qualit\u00e0. Ideale per insegne pubblicitarie pi\u00f9 grandi che necessitano di supporto aggiuntivo.<\/p>\n<p><strong>Dibond\u00ae Premium (3mm)<\/strong><br \/>\nQuesta variante di alta qualit\u00e0 (premium) offre lo stesso spessore della variante digitale, ma grazie a una finitura premium \u00e8 extra resistente, adatta alle applicazioni pi\u00f9 esigenti.<\/p>\n<h3>Dimensioni<\/h3>\n<p>Le nostre insegne pubblicitarie sono ordinabili in una serie di dimensioni standard. Se la tua insegna pubblicitaria stampata deve soddisfare una dimensione specifica, ovviamente \u00e8 possibile. In tal caso, indica la dimensione desiderata nel primo passaggio del configuratore del prodotto.<\/p>\n<h3>Vernice protettiva<\/h3>\n<p>Tutte le insegne pubblicitarie su questa pagina prodotto sono dotate di uno strato di vernice protettiva che non solo prolunga la durata, ma mantiene anche i colori brillanti pi\u00f9 a lungo. Inoltre, la vernice protettiva offre protezione contro graffi e agenti atmosferici. Cerchi un&#8217;alternativa pi\u00f9 economica senza vernice protettiva? Visualizza qui la nostra <strong>insegna pubblicitaria standard<\/strong>.<\/p>\n<h3>Domande frequenti<\/h3>\n<p><strong>Perch\u00e9 scegliere un rivestimento?<\/strong><br \/>\nGrazie al rivestimento opzionale, viene garantita la massima durata. Grazie al rivestimento, non solo l&#8217;intensit\u00e0 del colore aumenta, ma la stampa \u00e8 anche resistente pi\u00f9 a lungo a vari fattori ambientali.<\/p>\n<p><strong>Quali tipi di rivestimento sono disponibili?<\/strong><br \/>\nAmstel Printing fornisce insegne pubblicitarie con rivestimento opaco o lucido.<\/p>\n<p><strong>Quale effetto ha il tipo di rivestimento sulla stampa?<\/strong><br \/>\nCon un rivestimento opaco, l&#8217;aspetto della stampa \u00e8 leggermente pi\u00f9 spento, ma il testo \u00e8 pi\u00f9 leggibile. L&#8217;effetto di un rivestimento lucido \u00e8 che pu\u00f2 riflettere la luce. D&#8217;altra parte, i colori sono pi\u00f9 brillanti e intensi rispetto a un rivestimento opaco.<\/p>\n<p><strong>Qual \u00e8 la differenza di aspetto tra un rivestimento lucido e uno opaco?<\/strong><br \/>\nCon un rivestimento lucido otterrai colori brillanti e intensi, ma con un riflesso minimo. Un rivestimento opaco dona un&#8217;immagine leggermente pi\u00f9 spenta, ma i testi sono invece pi\u00f9 leggibili.<\/p>\n","protected":false},"excerpt":{"rendered":"<h3>Dotato di un rivestimento protettivo<\/h3>\n<p>Promuovi la tua azienda o il tuo evento con le nostre insegne pubblicitarie di alta qualit\u00e0, rifinite con vernice protettiva per una durata extra. Le nostre insegne pubblicitarie possono essere stampate anche fronte-retro. Scegli qui sotto nel configuratore la qualit\u00e0 e la finitura che pi\u00f9 ti si addicono.<\/p>\n","protected":false},"featured_media":15877,"template":"","meta":{"_et_pb_use_builder":"","_et_pb_old_content":"","_et_gb_content_width":""},"product_brand":[],"product_cat":[467,447],"product_tag":[],"class_list":{"0":"post-15876","1":"product","2":"type-product","3":"status-publish","4":"has-post-thumbnail","6":"product_cat-cartelloni-pubblicitari","7":"product_cat-pubblicita-esterna","9":"first","10":"instock","11":"taxable","12":"shipping-taxable","13":"purchasable","14":"product-type-simple"},"yoast_head":"<!-- This site is optimized with the Yoast SEO plugin v27.3 - https:\/\/yoast.com\/product\/yoast-seo-wordpress\/ -->\n<title>Progetta la tua insegna pubblicitaria con vernice protettiva | Amstel Printing<\/title>\n<meta name=\"description\" content=\"Vuoi che la tua stampa rimanga bella pi\u00f9 a lungo? Scegli l&#039;insegna pubblicitaria con vernice protettiva. Fai stampare questa insegna pubblicitaria con una stampa nitidissima a tuo piacimento. Ordina qui!\" \/>\n<meta name=\"robots\" content=\"index, follow, max-snippet:-1, max-image-preview:large, max-video-preview:-1\" \/>\n<link rel=\"canonical\" href=\"https:\/\/www.amstelprinting.nl\/it\/negozio\/pubblicita-esterna\/cartelloni-pubblicitari\/insegna-pubblicitaria-con-vernice-protettiva\/\" \/>\n<meta property=\"og:locale\" content=\"it_IT\" \/>\n<meta property=\"og:type\" content=\"article\" \/>\n<meta property=\"og:title\" content=\"Progetta la tua insegna pubblicitaria con vernice protettiva | Amstel Printing\" \/>\n<meta property=\"og:description\" content=\"Vuoi che la tua stampa rimanga bella pi\u00f9 a lungo? Scegli l&#039;insegna pubblicitaria con vernice protettiva. Fai stampare questa insegna pubblicitaria con una stampa nitidissima a tuo piacimento. Ordina qui!\" \/>\n<meta property=\"og:url\" content=\"https:\/\/www.amstelprinting.nl\/it\/negozio\/pubblicita-esterna\/cartelloni-pubblicitari\/insegna-pubblicitaria-con-vernice-protettiva\/\" \/>\n<meta property=\"og:site_name\" content=\"Amstel Printing\" \/>\n<meta property=\"article:modified_time\" content=\"2026-02-18T11:40:44+00:00\" \/>\n<meta property=\"og:image\" content=\"https:\/\/www.amstelprinting.nl\/wp-content\/uploads\/reclamebord-bedrukken-optimized.jpg\" \/>\n\t<meta property=\"og:image:width\" content=\"900\" \/>\n\t<meta property=\"og:image:height\" content=\"900\" \/>\n\t<meta property=\"og:image:type\" content=\"image\/jpeg\" \/>\n<meta name=\"twitter:card\" content=\"summary_large_image\" \/>\n<meta name=\"twitter:label1\" content=\"Tempo di lettura stimato\" \/>\n\t<meta name=\"twitter:data1\" content=\"2 minuti\" \/>\n<script type=\"application\/ld+json\" class=\"yoast-schema-graph\">{\"@context\":\"https:\\\/\\\/schema.org\",\"@graph\":[{\"@type\":\"WebPage\",\"@id\":\"https:\\\/\\\/www.amstelprinting.nl\\\/it\\\/negozio\\\/pubblicita-esterna\\\/cartelloni-pubblicitari\\\/insegna-pubblicitaria-con-vernice-protettiva\\\/\",\"url\":\"https:\\\/\\\/www.amstelprinting.nl\\\/it\\\/negozio\\\/pubblicita-esterna\\\/cartelloni-pubblicitari\\\/insegna-pubblicitaria-con-vernice-protettiva\\\/\",\"name\":\"Progetta la tua insegna pubblicitaria con vernice protettiva | Amstel Printing\",\"isPartOf\":{\"@id\":\"https:\\\/\\\/www.amstelprinting.nl\\\/it\\\/#website\"},\"primaryImageOfPage\":{\"@id\":\"https:\\\/\\\/www.amstelprinting.nl\\\/it\\\/negozio\\\/pubblicita-esterna\\\/cartelloni-pubblicitari\\\/insegna-pubblicitaria-con-vernice-protettiva\\\/#primaryimage\"},\"image\":{\"@id\":\"https:\\\/\\\/www.amstelprinting.nl\\\/it\\\/negozio\\\/pubblicita-esterna\\\/cartelloni-pubblicitari\\\/insegna-pubblicitaria-con-vernice-protettiva\\\/#primaryimage\"},\"thumbnailUrl\":\"https:\\\/\\\/www.amstelprinting.nl\\\/wp-content\\\/uploads\\\/reclamebord-bedrukken-optimized.jpg\",\"datePublished\":\"2025-01-21T19:06:51+00:00\",\"dateModified\":\"2026-02-18T11:40:44+00:00\",\"description\":\"Vuoi che la tua stampa rimanga bella pi\u00f9 a lungo? Scegli l'insegna pubblicitaria con vernice protettiva. Fai stampare questa insegna pubblicitaria con una stampa nitidissima a tuo piacimento. Ordina qui!\",\"breadcrumb\":{\"@id\":\"https:\\\/\\\/www.amstelprinting.nl\\\/it\\\/negozio\\\/pubblicita-esterna\\\/cartelloni-pubblicitari\\\/insegna-pubblicitaria-con-vernice-protettiva\\\/#breadcrumb\"},\"inLanguage\":\"it-IT\",\"potentialAction\":[{\"@type\":\"ReadAction\",\"target\":[\"https:\\\/\\\/www.amstelprinting.nl\\\/it\\\/negozio\\\/pubblicita-esterna\\\/cartelloni-pubblicitari\\\/insegna-pubblicitaria-con-vernice-protettiva\\\/\"]}]},{\"@type\":\"ImageObject\",\"inLanguage\":\"it-IT\",\"@id\":\"https:\\\/\\\/www.amstelprinting.nl\\\/it\\\/negozio\\\/pubblicita-esterna\\\/cartelloni-pubblicitari\\\/insegna-pubblicitaria-con-vernice-protettiva\\\/#primaryimage\",\"url\":\"https:\\\/\\\/www.amstelprinting.nl\\\/wp-content\\\/uploads\\\/reclamebord-bedrukken-optimized.jpg\",\"contentUrl\":\"https:\\\/\\\/www.amstelprinting.nl\\\/wp-content\\\/uploads\\\/reclamebord-bedrukken-optimized.jpg\",\"width\":900,\"height\":900,\"caption\":\"reclamebord-bedrukken.png\"},{\"@type\":\"BreadcrumbList\",\"@id\":\"https:\\\/\\\/www.amstelprinting.nl\\\/it\\\/negozio\\\/pubblicita-esterna\\\/cartelloni-pubblicitari\\\/insegna-pubblicitaria-con-vernice-protettiva\\\/#breadcrumb\",\"itemListElement\":[{\"@type\":\"ListItem\",\"position\":1,\"name\":\"\",\"item\":\"https:\\\/\\\/www.amstelprinting.nl\\\/it\\\/\"},{\"@type\":\"ListItem\",\"position\":2,\"name\":\"Amstel Printing\",\"item\":\"https:\\\/\\\/www.amstelprinting.nl\\\/it\\\/negozio\\\/\"},{\"@type\":\"ListItem\",\"position\":3,\"name\":\"Pubblicit\u00e0 esterna\",\"item\":\"https:\\\/\\\/www.amstelprinting.nl\\\/it\\\/categoria\\\/pubblicita-esterna\\\/\"},{\"@type\":\"ListItem\",\"position\":4,\"name\":\"Cartelloni pubblicitari\",\"item\":\"https:\\\/\\\/www.amstelprinting.nl\\\/it\\\/categoria\\\/pubblicita-esterna\\\/cartelloni-pubblicitari\\\/\"},{\"@type\":\"ListItem\",\"position\":5,\"name\":\"Insegna pubblicitaria con vernice protettiva\"}]},{\"@type\":\"WebSite\",\"@id\":\"https:\\\/\\\/www.amstelprinting.nl\\\/it\\\/#website\",\"url\":\"https:\\\/\\\/www.amstelprinting.nl\\\/it\\\/\",\"name\":\"Amstel Printing\",\"description\":\"Creating Exposure\",\"publisher\":{\"@id\":\"https:\\\/\\\/www.amstelprinting.nl\\\/it\\\/#organization\"},\"potentialAction\":[{\"@type\":\"SearchAction\",\"target\":{\"@type\":\"EntryPoint\",\"urlTemplate\":\"https:\\\/\\\/www.amstelprinting.nl\\\/it\\\/?s={search_term_string}\"},\"query-input\":{\"@type\":\"PropertyValueSpecification\",\"valueRequired\":true,\"valueName\":\"search_term_string\"}}],\"inLanguage\":\"it-IT\"},{\"@type\":\"Organization\",\"@id\":\"https:\\\/\\\/www.amstelprinting.nl\\\/it\\\/#organization\",\"name\":\"Amstel Printing\",\"url\":\"https:\\\/\\\/www.amstelprinting.nl\\\/it\\\/\",\"logo\":{\"@type\":\"ImageObject\",\"inLanguage\":\"it-IT\",\"@id\":\"https:\\\/\\\/www.amstelprinting.nl\\\/it\\\/#\\\/schema\\\/logo\\\/image\\\/\",\"url\":\"https:\\\/\\\/www.amstelprinting.nl\\\/wp-content\\\/uploads\\\/amstel_printing_logo_clean.png\",\"contentUrl\":\"https:\\\/\\\/www.amstelprinting.nl\\\/wp-content\\\/uploads\\\/amstel_printing_logo_clean.png\",\"width\":324,\"height\":73,\"caption\":\"Amstel Printing\"},\"image\":{\"@id\":\"https:\\\/\\\/www.amstelprinting.nl\\\/it\\\/#\\\/schema\\\/logo\\\/image\\\/\"}}]}<\/script>\n<!-- \/ Yoast SEO plugin. -->","yoast_head_json":{"title":"Progetta la tua insegna pubblicitaria con vernice protettiva | Amstel Printing","description":"Vuoi che la tua stampa rimanga bella pi\u00f9 a lungo? Scegli l'insegna pubblicitaria con vernice protettiva. Fai stampare questa insegna pubblicitaria con una stampa nitidissima a tuo piacimento. Ordina qui!","robots":{"index":"index","follow":"follow","max-snippet":"max-snippet:-1","max-image-preview":"max-image-preview:large","max-video-preview":"max-video-preview:-1"},"canonical":"https:\/\/www.amstelprinting.nl\/it\/negozio\/pubblicita-esterna\/cartelloni-pubblicitari\/insegna-pubblicitaria-con-vernice-protettiva\/","og_locale":"it_IT","og_type":"article","og_title":"Progetta la tua insegna pubblicitaria con vernice protettiva | Amstel Printing","og_description":"Vuoi che la tua stampa rimanga bella pi\u00f9 a lungo? Scegli l'insegna pubblicitaria con vernice protettiva. Fai stampare questa insegna pubblicitaria con una stampa nitidissima a tuo piacimento. Ordina qui!","og_url":"https:\/\/www.amstelprinting.nl\/it\/negozio\/pubblicita-esterna\/cartelloni-pubblicitari\/insegna-pubblicitaria-con-vernice-protettiva\/","og_site_name":"Amstel Printing","article_modified_time":"2026-02-18T11:40:44+00:00","og_image":[{"width":900,"height":900,"url":"https:\/\/www.amstelprinting.nl\/wp-content\/uploads\/reclamebord-bedrukken-optimized.jpg","type":"image\/jpeg"}],"twitter_card":"summary_large_image","twitter_misc":{"Tempo di lettura stimato":"2 minuti"},"schema":{"@context":"https:\/\/schema.org","@graph":[{"@type":"WebPage","@id":"https:\/\/www.amstelprinting.nl\/it\/negozio\/pubblicita-esterna\/cartelloni-pubblicitari\/insegna-pubblicitaria-con-vernice-protettiva\/","url":"https:\/\/www.amstelprinting.nl\/it\/negozio\/pubblicita-esterna\/cartelloni-pubblicitari\/insegna-pubblicitaria-con-vernice-protettiva\/","name":"Progetta la tua insegna pubblicitaria con vernice protettiva | Amstel Printing","isPartOf":{"@id":"https:\/\/www.amstelprinting.nl\/it\/#website"},"primaryImageOfPage":{"@id":"https:\/\/www.amstelprinting.nl\/it\/negozio\/pubblicita-esterna\/cartelloni-pubblicitari\/insegna-pubblicitaria-con-vernice-protettiva\/#primaryimage"},"image":{"@id":"https:\/\/www.amstelprinting.nl\/it\/negozio\/pubblicita-esterna\/cartelloni-pubblicitari\/insegna-pubblicitaria-con-vernice-protettiva\/#primaryimage"},"thumbnailUrl":"https:\/\/www.amstelprinting.nl\/wp-content\/uploads\/reclamebord-bedrukken-optimized.jpg","datePublished":"2025-01-21T19:06:51+00:00","dateModified":"2026-02-18T11:40:44+00:00","description":"Vuoi che la tua stampa rimanga bella pi\u00f9 a lungo? Scegli l'insegna pubblicitaria con vernice protettiva. Fai stampare questa insegna pubblicitaria con una stampa nitidissima a tuo piacimento. Ordina qui!","breadcrumb":{"@id":"https:\/\/www.amstelprinting.nl\/it\/negozio\/pubblicita-esterna\/cartelloni-pubblicitari\/insegna-pubblicitaria-con-vernice-protettiva\/#breadcrumb"},"inLanguage":"it-IT","potentialAction":[{"@type":"ReadAction","target":["https:\/\/www.amstelprinting.nl\/it\/negozio\/pubblicita-esterna\/cartelloni-pubblicitari\/insegna-pubblicitaria-con-vernice-protettiva\/"]}]},{"@type":"ImageObject","inLanguage":"it-IT","@id":"https:\/\/www.amstelprinting.nl\/it\/negozio\/pubblicita-esterna\/cartelloni-pubblicitari\/insegna-pubblicitaria-con-vernice-protettiva\/#primaryimage","url":"https:\/\/www.amstelprinting.nl\/wp-content\/uploads\/reclamebord-bedrukken-optimized.jpg","contentUrl":"https:\/\/www.amstelprinting.nl\/wp-content\/uploads\/reclamebord-bedrukken-optimized.jpg","width":900,"height":900,"caption":"reclamebord-bedrukken.png"},{"@type":"BreadcrumbList","@id":"https:\/\/www.amstelprinting.nl\/it\/negozio\/pubblicita-esterna\/cartelloni-pubblicitari\/insegna-pubblicitaria-con-vernice-protettiva\/#breadcrumb","itemListElement":[{"@type":"ListItem","position":1,"name":"","item":"https:\/\/www.amstelprinting.nl\/it\/"},{"@type":"ListItem","position":2,"name":"Amstel Printing","item":"https:\/\/www.amstelprinting.nl\/it\/negozio\/"},{"@type":"ListItem","position":3,"name":"Pubblicit\u00e0 esterna","item":"https:\/\/www.amstelprinting.nl\/it\/categoria\/pubblicita-esterna\/"},{"@type":"ListItem","position":4,"name":"Cartelloni pubblicitari","item":"https:\/\/www.amstelprinting.nl\/it\/categoria\/pubblicita-esterna\/cartelloni-pubblicitari\/"},{"@type":"ListItem","position":5,"name":"Insegna pubblicitaria con vernice protettiva"}]},{"@type":"WebSite","@id":"https:\/\/www.amstelprinting.nl\/it\/#website","url":"https:\/\/www.amstelprinting.nl\/it\/","name":"Amstel Printing","description":"Creating Exposure","publisher":{"@id":"https:\/\/www.amstelprinting.nl\/it\/#organization"},"potentialAction":[{"@type":"SearchAction","target":{"@type":"EntryPoint","urlTemplate":"https:\/\/www.amstelprinting.nl\/it\/?s={search_term_string}"},"query-input":{"@type":"PropertyValueSpecification","valueRequired":true,"valueName":"search_term_string"}}],"inLanguage":"it-IT"},{"@type":"Organization","@id":"https:\/\/www.amstelprinting.nl\/it\/#organization","name":"Amstel Printing","url":"https:\/\/www.amstelprinting.nl\/it\/","logo":{"@type":"ImageObject","inLanguage":"it-IT","@id":"https:\/\/www.amstelprinting.nl\/it\/#\/schema\/logo\/image\/","url":"https:\/\/www.amstelprinting.nl\/wp-content\/uploads\/amstel_printing_logo_clean.png","contentUrl":"https:\/\/www.amstelprinting.nl\/wp-content\/uploads\/amstel_printing_logo_clean.png","width":324,"height":73,"caption":"Amstel Printing"},"image":{"@id":"https:\/\/www.amstelprinting.nl\/it\/#\/schema\/logo\/image\/"}}]}},"_links":{"self":[{"href":"https:\/\/www.amstelprinting.nl\/it\/wp-json\/wp\/v2\/product\/15876","targetHints":{"allow":["GET"]}}],"collection":[{"href":"https:\/\/www.amstelprinting.nl\/it\/wp-json\/wp\/v2\/product"}],"about":[{"href":"https:\/\/www.amstelprinting.nl\/it\/wp-json\/wp\/v2\/types\/product"}],"wp:featuredmedia":[{"embeddable":true,"href":"https:\/\/www.amstelprinting.nl\/it\/wp-json\/wp\/v2\/media\/15877"}],"wp:attachment":[{"href":"https:\/\/www.amstelprinting.nl\/it\/wp-json\/wp\/v2\/media?parent=15876"}],"wp:term":[{"taxonomy":"product_brand","embeddable":true,"href":"https:\/\/www.amstelprinting.nl\/it\/wp-json\/wp\/v2\/product_brand?post=15876"},{"taxonomy":"product_cat","embeddable":true,"href":"https:\/\/www.amstelprinting.nl\/it\/wp-json\/wp\/v2\/product_cat?post=15876"},{"taxonomy":"product_tag","embeddable":true,"href":"https:\/\/www.amstelprinting.nl\/it\/wp-json\/wp\/v2\/product_tag?post=15876"}],"curies":[{"name":"wp","href":"https:\/\/api.w.org\/{rel}","templated":true}]}}