{"id":15889,"date":"2025-01-21T19:57:31","date_gmt":"2025-01-21T18:57:31","guid":{"rendered":"https:\/\/www.amstelprinting.nl\/winkel\/senza-categoria\/bewegwijzering\/"},"modified":"2026-02-18T12:40:45","modified_gmt":"2026-02-18T11:40:45","slug":"segnaletica","status":"publish","type":"product","link":"https:\/\/www.amstelprinting.nl\/it\/negozio\/pubblicita-esterna\/costruzione-e-proprieta\/segnaletica\/","title":{"rendered":"Segnaletica"},"content":{"rendered":"<h3><strong>Ordinare la segnaletica<\/strong><\/h3>\n<p>Cerchi una segnaletica professionale ed elegante? Il nostro pannello segnaletico \u00e8 composto da un&#8217;insegna in Dibond stampata racchiusa saldamente in un robusto telaio in alluminio.<\/p>\n<h3>Materiale<\/h3>\n<p><strong>Pannello<\/strong> &#8211; Il pannello segnaletico \u00e8 realizzato in materiale Dibond\u00ae premium da 3 mm. Il Dibond \u00e8 un materiale composito resistente e leggero composto da due strati di alluminio con un&#8217;anima in polietilene. Questo garantisce una finitura durevole e professionale.<\/p>\n<p><strong>Telaio in alluminio<\/strong> &#8211; Il pannello in Dibond \u00e8 saldamente inserito in un robusto telaio in alluminio (diametro 7 mm) che non solo garantisce una maggiore solidit\u00e0, ma conferisce anche un aspetto moderno ed essenziale. Il telaio \u00e8 resistente alla ruggine e quindi adatto a tutte le condizioni atmosferiche.<\/p>\n<h2>Uso esterno<\/h2>\n<p>Sia il pannello in Dibond che il telaio in alluminio sono resistenti a tutti i tipi di agenti atmosferici (pioggia, vento e raggi UV). In questo modo la vostra segnaletica manterr\u00e0 un aspetto eccellente per anni.<\/p>\n<h3>Formati<\/h3>\n<p>La segnaletica pu\u00f2 essere ordinata come set nei seguenti formati standard:<\/p>\n<ul>\n<li>100 x 100<\/li>\n<li>150 x 75<\/li>\n<li>120 x 80<\/li>\n<li>75 x 150<\/li>\n<li>80 x 120<\/li>\n<\/ul>\n<p>&nbsp;<\/p>\n<h3>Stampa<\/h3>\n<p>Il pannello in Dibond pu\u00f2 essere stampato sia su un lato che su entrambi i lati (all-over in quadricromia). Il nome della vostra azienda \u00e8 cambiato? Niente paura, potete anche riordinare il solo pannello in Dibond separatamente da noi.<\/p>\n<h3>Installazione<\/h3>\n<p>La segnaletica viene fornita in kit di montaggio, consentendovi di eseguire l&#8217;installazione facilmente da soli. Il telaio in alluminio va ancorato al terreno utilizzando un sacco di cemento rapido (non incluso).<\/p>\n","protected":false},"excerpt":{"rendered":"<h3>Segnaletica con pannello in Dibond in uno splendido e solido telaio in alluminio.<\/h3>\n<p>Cerchi una segnaletica professionale ed elegante? Il nostro pannello segnaletico \u00e8 composto da un&#8217;insegna in Dibond stampata racchiusa saldamente in un robusto telaio in alluminio. Componi qui sotto il tuo cartello segnaletico personalizzato.<\/p>\n","protected":false},"featured_media":15891,"template":"","meta":{"_et_pb_use_builder":"","_et_pb_old_content":"","_et_gb_content_width":""},"product_brand":[],"product_cat":[467,453,447],"product_tag":[],"class_list":{"0":"post-15889","1":"product","2":"type-product","3":"status-publish","4":"has-post-thumbnail","6":"product_cat-cartelloni-pubblicitari","7":"product_cat-costruzione-e-proprieta","8":"product_cat-pubblicita-esterna","10":"first","11":"instock","12":"taxable","13":"shipping-taxable","14":"purchasable","15":"product-type-simple"},"yoast_head":"<!-- This site is optimized with the Yoast SEO plugin v27.3 - https:\/\/yoast.com\/product\/yoast-seo-wordpress\/ -->\n<title>Segnaletica Professionale. Completa di stampa personalizzata<\/title>\n<meta name=\"description\" content=\"Ordina facilmente la tua segnaletica. Il pannello segnaletico consiste in un&#039;insegna stampata inserita in un robusto telaio in alluminio. Configura e calcola!\" \/>\n<meta name=\"robots\" content=\"index, follow, max-snippet:-1, max-image-preview:large, max-video-preview:-1\" \/>\n<link rel=\"canonical\" href=\"https:\/\/www.amstelprinting.nl\/it\/negozio\/pubblicita-esterna\/costruzione-e-proprieta\/segnaletica\/\" \/>\n<meta property=\"og:locale\" content=\"it_IT\" \/>\n<meta property=\"og:type\" content=\"article\" \/>\n<meta property=\"og:title\" content=\"Segnaletica Professionale. Completa di stampa personalizzata\" \/>\n<meta property=\"og:description\" content=\"Ordina facilmente la tua segnaletica. Il pannello segnaletico consiste in un&#039;insegna stampata inserita in un robusto telaio in alluminio. Configura e calcola!\" \/>\n<meta property=\"og:url\" content=\"https:\/\/www.amstelprinting.nl\/it\/negozio\/pubblicita-esterna\/costruzione-e-proprieta\/segnaletica\/\" \/>\n<meta property=\"og:site_name\" content=\"Amstel Printing\" \/>\n<meta property=\"article:modified_time\" content=\"2026-02-18T11:40:45+00:00\" \/>\n<meta property=\"og:image\" content=\"https:\/\/www.amstelprinting.nl\/wp-content\/uploads\/Bewegwijzering-bedrukken-optimized.jpg\" \/>\n\t<meta property=\"og:image:width\" content=\"700\" \/>\n\t<meta property=\"og:image:height\" content=\"700\" \/>\n\t<meta property=\"og:image:type\" content=\"image\/jpeg\" \/>\n<meta name=\"twitter:card\" content=\"summary_large_image\" \/>\n<meta name=\"twitter:label1\" content=\"Tempo di lettura stimato\" \/>\n\t<meta name=\"twitter:data1\" content=\"1 minuto\" \/>\n<script type=\"application\/ld+json\" class=\"yoast-schema-graph\">{\"@context\":\"https:\\\/\\\/schema.org\",\"@graph\":[{\"@type\":\"WebPage\",\"@id\":\"https:\\\/\\\/www.amstelprinting.nl\\\/it\\\/negozio\\\/pubblicita-esterna\\\/costruzione-e-proprieta\\\/segnaletica\\\/\",\"url\":\"https:\\\/\\\/www.amstelprinting.nl\\\/it\\\/negozio\\\/pubblicita-esterna\\\/costruzione-e-proprieta\\\/segnaletica\\\/\",\"name\":\"Segnaletica Professionale. Completa di stampa personalizzata\",\"isPartOf\":{\"@id\":\"https:\\\/\\\/www.amstelprinting.nl\\\/it\\\/#website\"},\"primaryImageOfPage\":{\"@id\":\"https:\\\/\\\/www.amstelprinting.nl\\\/it\\\/negozio\\\/pubblicita-esterna\\\/costruzione-e-proprieta\\\/segnaletica\\\/#primaryimage\"},\"image\":{\"@id\":\"https:\\\/\\\/www.amstelprinting.nl\\\/it\\\/negozio\\\/pubblicita-esterna\\\/costruzione-e-proprieta\\\/segnaletica\\\/#primaryimage\"},\"thumbnailUrl\":\"https:\\\/\\\/www.amstelprinting.nl\\\/wp-content\\\/uploads\\\/Bewegwijzering-bedrukken-optimized.jpg\",\"datePublished\":\"2025-01-21T18:57:31+00:00\",\"dateModified\":\"2026-02-18T11:40:45+00:00\",\"description\":\"Ordina facilmente la tua segnaletica. Il pannello segnaletico consiste in un'insegna stampata inserita in un robusto telaio in alluminio. Configura e calcola!\",\"breadcrumb\":{\"@id\":\"https:\\\/\\\/www.amstelprinting.nl\\\/it\\\/negozio\\\/pubblicita-esterna\\\/costruzione-e-proprieta\\\/segnaletica\\\/#breadcrumb\"},\"inLanguage\":\"it-IT\",\"potentialAction\":[{\"@type\":\"ReadAction\",\"target\":[\"https:\\\/\\\/www.amstelprinting.nl\\\/it\\\/negozio\\\/pubblicita-esterna\\\/costruzione-e-proprieta\\\/segnaletica\\\/\"]}]},{\"@type\":\"ImageObject\",\"inLanguage\":\"it-IT\",\"@id\":\"https:\\\/\\\/www.amstelprinting.nl\\\/it\\\/negozio\\\/pubblicita-esterna\\\/costruzione-e-proprieta\\\/segnaletica\\\/#primaryimage\",\"url\":\"https:\\\/\\\/www.amstelprinting.nl\\\/wp-content\\\/uploads\\\/Bewegwijzering-bedrukken-optimized.jpg\",\"contentUrl\":\"https:\\\/\\\/www.amstelprinting.nl\\\/wp-content\\\/uploads\\\/Bewegwijzering-bedrukken-optimized.jpg\",\"width\":700,\"height\":700,\"caption\":\"Bewegwijzering-bedrukken.png\"},{\"@type\":\"BreadcrumbList\",\"@id\":\"https:\\\/\\\/www.amstelprinting.nl\\\/it\\\/negozio\\\/pubblicita-esterna\\\/costruzione-e-proprieta\\\/segnaletica\\\/#breadcrumb\",\"itemListElement\":[{\"@type\":\"ListItem\",\"position\":1,\"name\":\"\",\"item\":\"https:\\\/\\\/www.amstelprinting.nl\\\/it\\\/\"},{\"@type\":\"ListItem\",\"position\":2,\"name\":\"Amstel Printing\",\"item\":\"https:\\\/\\\/www.amstelprinting.nl\\\/it\\\/negozio\\\/\"},{\"@type\":\"ListItem\",\"position\":3,\"name\":\"Pubblicit\u00e0 esterna\",\"item\":\"https:\\\/\\\/www.amstelprinting.nl\\\/it\\\/categoria\\\/pubblicita-esterna\\\/\"},{\"@type\":\"ListItem\",\"position\":4,\"name\":\"Costruzione e; propriet\u00e0\",\"item\":\"https:\\\/\\\/www.amstelprinting.nl\\\/it\\\/categoria\\\/pubblicita-esterna\\\/costruzione-e-proprieta\\\/\"},{\"@type\":\"ListItem\",\"position\":5,\"name\":\"Segnaletica\"}]},{\"@type\":\"WebSite\",\"@id\":\"https:\\\/\\\/www.amstelprinting.nl\\\/it\\\/#website\",\"url\":\"https:\\\/\\\/www.amstelprinting.nl\\\/it\\\/\",\"name\":\"Amstel Printing\",\"description\":\"Creating Exposure\",\"publisher\":{\"@id\":\"https:\\\/\\\/www.amstelprinting.nl\\\/it\\\/#organization\"},\"potentialAction\":[{\"@type\":\"SearchAction\",\"target\":{\"@type\":\"EntryPoint\",\"urlTemplate\":\"https:\\\/\\\/www.amstelprinting.nl\\\/it\\\/?s={search_term_string}\"},\"query-input\":{\"@type\":\"PropertyValueSpecification\",\"valueRequired\":true,\"valueName\":\"search_term_string\"}}],\"inLanguage\":\"it-IT\"},{\"@type\":\"Organization\",\"@id\":\"https:\\\/\\\/www.amstelprinting.nl\\\/it\\\/#organization\",\"name\":\"Amstel Printing\",\"url\":\"https:\\\/\\\/www.amstelprinting.nl\\\/it\\\/\",\"logo\":{\"@type\":\"ImageObject\",\"inLanguage\":\"it-IT\",\"@id\":\"https:\\\/\\\/www.amstelprinting.nl\\\/it\\\/#\\\/schema\\\/logo\\\/image\\\/\",\"url\":\"https:\\\/\\\/www.amstelprinting.nl\\\/wp-content\\\/uploads\\\/amstel_printing_logo_clean.png\",\"contentUrl\":\"https:\\\/\\\/www.amstelprinting.nl\\\/wp-content\\\/uploads\\\/amstel_printing_logo_clean.png\",\"width\":324,\"height\":73,\"caption\":\"Amstel Printing\"},\"image\":{\"@id\":\"https:\\\/\\\/www.amstelprinting.nl\\\/it\\\/#\\\/schema\\\/logo\\\/image\\\/\"}}]}<\/script>\n<!-- \/ Yoast SEO plugin. -->","yoast_head_json":{"title":"Segnaletica Professionale. Completa di stampa personalizzata","description":"Ordina facilmente la tua segnaletica. Il pannello segnaletico consiste in un'insegna stampata inserita in un robusto telaio in alluminio. Configura e calcola!","robots":{"index":"index","follow":"follow","max-snippet":"max-snippet:-1","max-image-preview":"max-image-preview:large","max-video-preview":"max-video-preview:-1"},"canonical":"https:\/\/www.amstelprinting.nl\/it\/negozio\/pubblicita-esterna\/costruzione-e-proprieta\/segnaletica\/","og_locale":"it_IT","og_type":"article","og_title":"Segnaletica Professionale. Completa di stampa personalizzata","og_description":"Ordina facilmente la tua segnaletica. Il pannello segnaletico consiste in un'insegna stampata inserita in un robusto telaio in alluminio. Configura e calcola!","og_url":"https:\/\/www.amstelprinting.nl\/it\/negozio\/pubblicita-esterna\/costruzione-e-proprieta\/segnaletica\/","og_site_name":"Amstel Printing","article_modified_time":"2026-02-18T11:40:45+00:00","og_image":[{"width":700,"height":700,"url":"https:\/\/www.amstelprinting.nl\/wp-content\/uploads\/Bewegwijzering-bedrukken-optimized.jpg","type":"image\/jpeg"}],"twitter_card":"summary_large_image","twitter_misc":{"Tempo di lettura stimato":"1 minuto"},"schema":{"@context":"https:\/\/schema.org","@graph":[{"@type":"WebPage","@id":"https:\/\/www.amstelprinting.nl\/it\/negozio\/pubblicita-esterna\/costruzione-e-proprieta\/segnaletica\/","url":"https:\/\/www.amstelprinting.nl\/it\/negozio\/pubblicita-esterna\/costruzione-e-proprieta\/segnaletica\/","name":"Segnaletica Professionale. Completa di stampa personalizzata","isPartOf":{"@id":"https:\/\/www.amstelprinting.nl\/it\/#website"},"primaryImageOfPage":{"@id":"https:\/\/www.amstelprinting.nl\/it\/negozio\/pubblicita-esterna\/costruzione-e-proprieta\/segnaletica\/#primaryimage"},"image":{"@id":"https:\/\/www.amstelprinting.nl\/it\/negozio\/pubblicita-esterna\/costruzione-e-proprieta\/segnaletica\/#primaryimage"},"thumbnailUrl":"https:\/\/www.amstelprinting.nl\/wp-content\/uploads\/Bewegwijzering-bedrukken-optimized.jpg","datePublished":"2025-01-21T18:57:31+00:00","dateModified":"2026-02-18T11:40:45+00:00","description":"Ordina facilmente la tua segnaletica. Il pannello segnaletico consiste in un'insegna stampata inserita in un robusto telaio in alluminio. Configura e calcola!","breadcrumb":{"@id":"https:\/\/www.amstelprinting.nl\/it\/negozio\/pubblicita-esterna\/costruzione-e-proprieta\/segnaletica\/#breadcrumb"},"inLanguage":"it-IT","potentialAction":[{"@type":"ReadAction","target":["https:\/\/www.amstelprinting.nl\/it\/negozio\/pubblicita-esterna\/costruzione-e-proprieta\/segnaletica\/"]}]},{"@type":"ImageObject","inLanguage":"it-IT","@id":"https:\/\/www.amstelprinting.nl\/it\/negozio\/pubblicita-esterna\/costruzione-e-proprieta\/segnaletica\/#primaryimage","url":"https:\/\/www.amstelprinting.nl\/wp-content\/uploads\/Bewegwijzering-bedrukken-optimized.jpg","contentUrl":"https:\/\/www.amstelprinting.nl\/wp-content\/uploads\/Bewegwijzering-bedrukken-optimized.jpg","width":700,"height":700,"caption":"Bewegwijzering-bedrukken.png"},{"@type":"BreadcrumbList","@id":"https:\/\/www.amstelprinting.nl\/it\/negozio\/pubblicita-esterna\/costruzione-e-proprieta\/segnaletica\/#breadcrumb","itemListElement":[{"@type":"ListItem","position":1,"name":"","item":"https:\/\/www.amstelprinting.nl\/it\/"},{"@type":"ListItem","position":2,"name":"Amstel Printing","item":"https:\/\/www.amstelprinting.nl\/it\/negozio\/"},{"@type":"ListItem","position":3,"name":"Pubblicit\u00e0 esterna","item":"https:\/\/www.amstelprinting.nl\/it\/categoria\/pubblicita-esterna\/"},{"@type":"ListItem","position":4,"name":"Costruzione e; propriet\u00e0","item":"https:\/\/www.amstelprinting.nl\/it\/categoria\/pubblicita-esterna\/costruzione-e-proprieta\/"},{"@type":"ListItem","position":5,"name":"Segnaletica"}]},{"@type":"WebSite","@id":"https:\/\/www.amstelprinting.nl\/it\/#website","url":"https:\/\/www.amstelprinting.nl\/it\/","name":"Amstel Printing","description":"Creating Exposure","publisher":{"@id":"https:\/\/www.amstelprinting.nl\/it\/#organization"},"potentialAction":[{"@type":"SearchAction","target":{"@type":"EntryPoint","urlTemplate":"https:\/\/www.amstelprinting.nl\/it\/?s={search_term_string}"},"query-input":{"@type":"PropertyValueSpecification","valueRequired":true,"valueName":"search_term_string"}}],"inLanguage":"it-IT"},{"@type":"Organization","@id":"https:\/\/www.amstelprinting.nl\/it\/#organization","name":"Amstel Printing","url":"https:\/\/www.amstelprinting.nl\/it\/","logo":{"@type":"ImageObject","inLanguage":"it-IT","@id":"https:\/\/www.amstelprinting.nl\/it\/#\/schema\/logo\/image\/","url":"https:\/\/www.amstelprinting.nl\/wp-content\/uploads\/amstel_printing_logo_clean.png","contentUrl":"https:\/\/www.amstelprinting.nl\/wp-content\/uploads\/amstel_printing_logo_clean.png","width":324,"height":73,"caption":"Amstel Printing"},"image":{"@id":"https:\/\/www.amstelprinting.nl\/it\/#\/schema\/logo\/image\/"}}]}},"_links":{"self":[{"href":"https:\/\/www.amstelprinting.nl\/it\/wp-json\/wp\/v2\/product\/15889","targetHints":{"allow":["GET"]}}],"collection":[{"href":"https:\/\/www.amstelprinting.nl\/it\/wp-json\/wp\/v2\/product"}],"about":[{"href":"https:\/\/www.amstelprinting.nl\/it\/wp-json\/wp\/v2\/types\/product"}],"wp:featuredmedia":[{"embeddable":true,"href":"https:\/\/www.amstelprinting.nl\/it\/wp-json\/wp\/v2\/media\/15891"}],"wp:attachment":[{"href":"https:\/\/www.amstelprinting.nl\/it\/wp-json\/wp\/v2\/media?parent=15889"}],"wp:term":[{"taxonomy":"product_brand","embeddable":true,"href":"https:\/\/www.amstelprinting.nl\/it\/wp-json\/wp\/v2\/product_brand?post=15889"},{"taxonomy":"product_cat","embeddable":true,"href":"https:\/\/www.amstelprinting.nl\/it\/wp-json\/wp\/v2\/product_cat?post=15889"},{"taxonomy":"product_tag","embeddable":true,"href":"https:\/\/www.amstelprinting.nl\/it\/wp-json\/wp\/v2\/product_tag?post=15889"}],"curies":[{"name":"wp","href":"https:\/\/api.w.org\/{rel}","templated":true}]}}