{"id":15901,"date":"2025-01-21T19:53:22","date_gmt":"2025-01-21T18:53:22","guid":{"rendered":"https:\/\/www.amstelprinting.nl\/winkel\/senza-categoria\/makelaarsbordsticker\/"},"modified":"2026-02-18T12:40:46","modified_gmt":"2026-02-18T11:40:46","slug":"adesivo-per-cartello-immobiliare","status":"publish","type":"product","link":"https:\/\/www.amstelprinting.nl\/it\/negozio\/pubblicita-esterna\/costruzione-e-proprieta\/adesivo-per-cartello-immobiliare\/","title":{"rendered":"Adesivo per cartello immobiliare"},"content":{"rendered":"<h2>Ordinare adesivi per cartelli immobiliari: come funziona?<\/h2>\n<p>I nostri adesivi per cartelli immobiliari sono realizzati in pellicola monomerica autoadesiva e resistente all&#8217;acqua. Sono disponibili in quattro lingue per immobili in vendita e in affitto, con da quattro a sei adesivi per lingua, tutti progettati per attirare l&#8217;attenzione sul cartello dell&#8217;agenzia. Questi adesivi sono lo strumento perfetto per gli agenti immobiliari per farsi notare ulteriormente.<\/p>\n<h2>Quattro diverse varianti<\/h2>\n<p>Sia per l&#8217;interno che per l&#8217;esterno, un adesivo per cartelli immobiliari pu\u00f2 essere utilizzato ovunque e comunica efficacemente con testi come &#8220;In vendita&#8221;, &#8220;Venduto&#8221;, &#8220;In affitto&#8221; e &#8220;Affittato&#8221;. Questi adesivi hanno una dimensione di 10 x 40 cm, una finitura opaca con una leggera struttura e sono stampati con stampa latex.<\/p>\n<h2>Design standard per adesivi immobiliari;<\/h2>\n<ul>\n<li>Open house<\/li>\n<li>Affittato<\/li>\n<li>Venduto<\/li>\n<li>In Vendita \/ In Affitto<\/li>\n<li>A Vendre<\/li>\n<li>Rented out<\/li>\n<\/ul>\n<p>&nbsp;<\/p>\n<h2>Riutilizzabile<\/h2>\n<p>Il vinile autoadesivo ha uno strato di colla rimovibile, in modo da non danneggiare lo strato sottostante e non lasciare residui di colla. Ci\u00f2 consente di riutilizzare il cartello immobiliare pi\u00f9 e pi\u00f9 volte.<\/p>\n","protected":false},"excerpt":{"rendered":"<h3>Adesivi immobiliari: adesivi affittato e venduto<\/h3>\n<p>Metterete presto una casa in vendita o in affitto? Utilizzate l&#8217;adesivo per cartelli immobiliari. I nostri adesivi per cartelli immobiliari sono realizzati in pellicola monomerica autoadesiva e impermeabile e sono ordinabili a partire da 1 pezzo.<\/p>\n<p>Abbiamo gi\u00e0 preparato il design per voi, con la possibilit\u00e0 di scegliere tra ben quattro lingue diverse, sia per case in vendita che in affitto. A seconda della lingua, sono disponibili da quattro a sei adesivi.<\/p>\n<p>L&#8217;adesivo per cartelli immobiliari garantisce un&#8217;attenzione extra da parte dei passanti. Un modo economico ed efficace per farsi notare!<\/p>\n","protected":false},"featured_media":15902,"template":"","meta":{"_et_pb_use_builder":"","_et_pb_old_content":"","_et_gb_content_width":""},"product_brand":[],"product_cat":[467,453,447],"product_tag":[],"class_list":{"0":"post-15901","1":"product","2":"type-product","3":"status-publish","4":"has-post-thumbnail","6":"product_cat-cartelloni-pubblicitari","7":"product_cat-costruzione-e-proprieta","8":"product_cat-pubblicita-esterna","10":"first","11":"instock","12":"taxable","13":"shipping-taxable","14":"purchasable","15":"product-type-simple"},"yoast_head":"<!-- This site is optimized with the Yoast SEO plugin v27.3 - https:\/\/yoast.com\/product\/yoast-seo-wordpress\/ -->\n<title>Adesivo per cartello immobiliare Stampa | In Vendita, Venduto, In Affitto ecc.<\/title>\n<meta name=\"description\" content=\"Ordinare un adesivo per cartelli immobiliari? Scegli un design standard come In Vendita, Affittato, Venduto ecc. L&#039;adesivo per agenzie immobiliari \u00e8 resistente all&#039;acqua e pu\u00f2 essere ordinato a partire da un solo pezzo!\" \/>\n<meta name=\"robots\" content=\"index, follow, max-snippet:-1, max-image-preview:large, max-video-preview:-1\" \/>\n<link rel=\"canonical\" href=\"https:\/\/www.amstelprinting.nl\/it\/negozio\/pubblicita-esterna\/costruzione-e-proprieta\/adesivo-per-cartello-immobiliare\/\" \/>\n<meta property=\"og:locale\" content=\"it_IT\" \/>\n<meta property=\"og:type\" content=\"article\" \/>\n<meta property=\"og:title\" content=\"Adesivo per cartello immobiliare Stampa | In Vendita, Venduto, In Affitto ecc.\" \/>\n<meta property=\"og:description\" content=\"Ordinare un adesivo per cartelli immobiliari? Scegli un design standard come In Vendita, Affittato, Venduto ecc. L&#039;adesivo per agenzie immobiliari \u00e8 resistente all&#039;acqua e pu\u00f2 essere ordinato a partire da un solo pezzo!\" \/>\n<meta property=\"og:url\" content=\"https:\/\/www.amstelprinting.nl\/it\/negozio\/pubblicita-esterna\/costruzione-e-proprieta\/adesivo-per-cartello-immobiliare\/\" \/>\n<meta property=\"og:site_name\" content=\"Amstel Printing\" \/>\n<meta property=\"article:modified_time\" content=\"2026-02-18T11:40:46+00:00\" \/>\n<meta property=\"og:image\" content=\"https:\/\/www.amstelprinting.nl\/wp-content\/uploads\/Makelaarsbordsticker2-optimized.jpg\" \/>\n\t<meta property=\"og:image:width\" content=\"700\" \/>\n\t<meta property=\"og:image:height\" content=\"700\" \/>\n\t<meta property=\"og:image:type\" content=\"image\/jpeg\" \/>\n<meta name=\"twitter:card\" content=\"summary_large_image\" \/>\n<meta name=\"twitter:label1\" content=\"Tempo di lettura stimato\" \/>\n\t<meta name=\"twitter:data1\" content=\"1 minuto\" \/>\n<script type=\"application\/ld+json\" class=\"yoast-schema-graph\">{\"@context\":\"https:\\\/\\\/schema.org\",\"@graph\":[{\"@type\":\"WebPage\",\"@id\":\"https:\\\/\\\/www.amstelprinting.nl\\\/it\\\/negozio\\\/pubblicita-esterna\\\/costruzione-e-proprieta\\\/adesivo-per-cartello-immobiliare\\\/\",\"url\":\"https:\\\/\\\/www.amstelprinting.nl\\\/it\\\/negozio\\\/pubblicita-esterna\\\/costruzione-e-proprieta\\\/adesivo-per-cartello-immobiliare\\\/\",\"name\":\"Adesivo per cartello immobiliare Stampa | In Vendita, Venduto, In Affitto ecc.\",\"isPartOf\":{\"@id\":\"https:\\\/\\\/www.amstelprinting.nl\\\/it\\\/#website\"},\"primaryImageOfPage\":{\"@id\":\"https:\\\/\\\/www.amstelprinting.nl\\\/it\\\/negozio\\\/pubblicita-esterna\\\/costruzione-e-proprieta\\\/adesivo-per-cartello-immobiliare\\\/#primaryimage\"},\"image\":{\"@id\":\"https:\\\/\\\/www.amstelprinting.nl\\\/it\\\/negozio\\\/pubblicita-esterna\\\/costruzione-e-proprieta\\\/adesivo-per-cartello-immobiliare\\\/#primaryimage\"},\"thumbnailUrl\":\"https:\\\/\\\/www.amstelprinting.nl\\\/wp-content\\\/uploads\\\/Makelaarsbordsticker2-optimized.jpg\",\"datePublished\":\"2025-01-21T18:53:22+00:00\",\"dateModified\":\"2026-02-18T11:40:46+00:00\",\"description\":\"Ordinare un adesivo per cartelli immobiliari? Scegli un design standard come In Vendita, Affittato, Venduto ecc. L'adesivo per agenzie immobiliari \u00e8 resistente all'acqua e pu\u00f2 essere ordinato a partire da un solo pezzo!\",\"breadcrumb\":{\"@id\":\"https:\\\/\\\/www.amstelprinting.nl\\\/it\\\/negozio\\\/pubblicita-esterna\\\/costruzione-e-proprieta\\\/adesivo-per-cartello-immobiliare\\\/#breadcrumb\"},\"inLanguage\":\"it-IT\",\"potentialAction\":[{\"@type\":\"ReadAction\",\"target\":[\"https:\\\/\\\/www.amstelprinting.nl\\\/it\\\/negozio\\\/pubblicita-esterna\\\/costruzione-e-proprieta\\\/adesivo-per-cartello-immobiliare\\\/\"]}]},{\"@type\":\"ImageObject\",\"inLanguage\":\"it-IT\",\"@id\":\"https:\\\/\\\/www.amstelprinting.nl\\\/it\\\/negozio\\\/pubblicita-esterna\\\/costruzione-e-proprieta\\\/adesivo-per-cartello-immobiliare\\\/#primaryimage\",\"url\":\"https:\\\/\\\/www.amstelprinting.nl\\\/wp-content\\\/uploads\\\/Makelaarsbordsticker2-optimized.jpg\",\"contentUrl\":\"https:\\\/\\\/www.amstelprinting.nl\\\/wp-content\\\/uploads\\\/Makelaarsbordsticker2-optimized.jpg\",\"width\":700,\"height\":700,\"caption\":\"Makelaarsbordsticker2.jpg\"},{\"@type\":\"BreadcrumbList\",\"@id\":\"https:\\\/\\\/www.amstelprinting.nl\\\/it\\\/negozio\\\/pubblicita-esterna\\\/costruzione-e-proprieta\\\/adesivo-per-cartello-immobiliare\\\/#breadcrumb\",\"itemListElement\":[{\"@type\":\"ListItem\",\"position\":1,\"name\":\"\",\"item\":\"https:\\\/\\\/www.amstelprinting.nl\\\/it\\\/\"},{\"@type\":\"ListItem\",\"position\":2,\"name\":\"Amstel Printing\",\"item\":\"https:\\\/\\\/www.amstelprinting.nl\\\/it\\\/negozio\\\/\"},{\"@type\":\"ListItem\",\"position\":3,\"name\":\"Pubblicit\u00e0 esterna\",\"item\":\"https:\\\/\\\/www.amstelprinting.nl\\\/it\\\/categoria\\\/pubblicita-esterna\\\/\"},{\"@type\":\"ListItem\",\"position\":4,\"name\":\"Costruzione e; propriet\u00e0\",\"item\":\"https:\\\/\\\/www.amstelprinting.nl\\\/it\\\/categoria\\\/pubblicita-esterna\\\/costruzione-e-proprieta\\\/\"},{\"@type\":\"ListItem\",\"position\":5,\"name\":\"Adesivo per cartello immobiliare\"}]},{\"@type\":\"WebSite\",\"@id\":\"https:\\\/\\\/www.amstelprinting.nl\\\/it\\\/#website\",\"url\":\"https:\\\/\\\/www.amstelprinting.nl\\\/it\\\/\",\"name\":\"Amstel Printing\",\"description\":\"Creating Exposure\",\"publisher\":{\"@id\":\"https:\\\/\\\/www.amstelprinting.nl\\\/it\\\/#organization\"},\"potentialAction\":[{\"@type\":\"SearchAction\",\"target\":{\"@type\":\"EntryPoint\",\"urlTemplate\":\"https:\\\/\\\/www.amstelprinting.nl\\\/it\\\/?s={search_term_string}\"},\"query-input\":{\"@type\":\"PropertyValueSpecification\",\"valueRequired\":true,\"valueName\":\"search_term_string\"}}],\"inLanguage\":\"it-IT\"},{\"@type\":\"Organization\",\"@id\":\"https:\\\/\\\/www.amstelprinting.nl\\\/it\\\/#organization\",\"name\":\"Amstel Printing\",\"url\":\"https:\\\/\\\/www.amstelprinting.nl\\\/it\\\/\",\"logo\":{\"@type\":\"ImageObject\",\"inLanguage\":\"it-IT\",\"@id\":\"https:\\\/\\\/www.amstelprinting.nl\\\/it\\\/#\\\/schema\\\/logo\\\/image\\\/\",\"url\":\"https:\\\/\\\/www.amstelprinting.nl\\\/wp-content\\\/uploads\\\/amstel_printing_logo_clean.png\",\"contentUrl\":\"https:\\\/\\\/www.amstelprinting.nl\\\/wp-content\\\/uploads\\\/amstel_printing_logo_clean.png\",\"width\":324,\"height\":73,\"caption\":\"Amstel Printing\"},\"image\":{\"@id\":\"https:\\\/\\\/www.amstelprinting.nl\\\/it\\\/#\\\/schema\\\/logo\\\/image\\\/\"}}]}<\/script>\n<!-- \/ Yoast SEO plugin. -->","yoast_head_json":{"title":"Adesivo per cartello immobiliare Stampa | In Vendita, Venduto, In Affitto ecc.","description":"Ordinare un adesivo per cartelli immobiliari? Scegli un design standard come In Vendita, Affittato, Venduto ecc. L'adesivo per agenzie immobiliari \u00e8 resistente all'acqua e pu\u00f2 essere ordinato a partire da un solo pezzo!","robots":{"index":"index","follow":"follow","max-snippet":"max-snippet:-1","max-image-preview":"max-image-preview:large","max-video-preview":"max-video-preview:-1"},"canonical":"https:\/\/www.amstelprinting.nl\/it\/negozio\/pubblicita-esterna\/costruzione-e-proprieta\/adesivo-per-cartello-immobiliare\/","og_locale":"it_IT","og_type":"article","og_title":"Adesivo per cartello immobiliare Stampa | In Vendita, Venduto, In Affitto ecc.","og_description":"Ordinare un adesivo per cartelli immobiliari? Scegli un design standard come In Vendita, Affittato, Venduto ecc. L'adesivo per agenzie immobiliari \u00e8 resistente all'acqua e pu\u00f2 essere ordinato a partire da un solo pezzo!","og_url":"https:\/\/www.amstelprinting.nl\/it\/negozio\/pubblicita-esterna\/costruzione-e-proprieta\/adesivo-per-cartello-immobiliare\/","og_site_name":"Amstel Printing","article_modified_time":"2026-02-18T11:40:46+00:00","og_image":[{"width":700,"height":700,"url":"https:\/\/www.amstelprinting.nl\/wp-content\/uploads\/Makelaarsbordsticker2-optimized.jpg","type":"image\/jpeg"}],"twitter_card":"summary_large_image","twitter_misc":{"Tempo di lettura stimato":"1 minuto"},"schema":{"@context":"https:\/\/schema.org","@graph":[{"@type":"WebPage","@id":"https:\/\/www.amstelprinting.nl\/it\/negozio\/pubblicita-esterna\/costruzione-e-proprieta\/adesivo-per-cartello-immobiliare\/","url":"https:\/\/www.amstelprinting.nl\/it\/negozio\/pubblicita-esterna\/costruzione-e-proprieta\/adesivo-per-cartello-immobiliare\/","name":"Adesivo per cartello immobiliare Stampa | In Vendita, Venduto, In Affitto ecc.","isPartOf":{"@id":"https:\/\/www.amstelprinting.nl\/it\/#website"},"primaryImageOfPage":{"@id":"https:\/\/www.amstelprinting.nl\/it\/negozio\/pubblicita-esterna\/costruzione-e-proprieta\/adesivo-per-cartello-immobiliare\/#primaryimage"},"image":{"@id":"https:\/\/www.amstelprinting.nl\/it\/negozio\/pubblicita-esterna\/costruzione-e-proprieta\/adesivo-per-cartello-immobiliare\/#primaryimage"},"thumbnailUrl":"https:\/\/www.amstelprinting.nl\/wp-content\/uploads\/Makelaarsbordsticker2-optimized.jpg","datePublished":"2025-01-21T18:53:22+00:00","dateModified":"2026-02-18T11:40:46+00:00","description":"Ordinare un adesivo per cartelli immobiliari? Scegli un design standard come In Vendita, Affittato, Venduto ecc. L'adesivo per agenzie immobiliari \u00e8 resistente all'acqua e pu\u00f2 essere ordinato a partire da un solo pezzo!","breadcrumb":{"@id":"https:\/\/www.amstelprinting.nl\/it\/negozio\/pubblicita-esterna\/costruzione-e-proprieta\/adesivo-per-cartello-immobiliare\/#breadcrumb"},"inLanguage":"it-IT","potentialAction":[{"@type":"ReadAction","target":["https:\/\/www.amstelprinting.nl\/it\/negozio\/pubblicita-esterna\/costruzione-e-proprieta\/adesivo-per-cartello-immobiliare\/"]}]},{"@type":"ImageObject","inLanguage":"it-IT","@id":"https:\/\/www.amstelprinting.nl\/it\/negozio\/pubblicita-esterna\/costruzione-e-proprieta\/adesivo-per-cartello-immobiliare\/#primaryimage","url":"https:\/\/www.amstelprinting.nl\/wp-content\/uploads\/Makelaarsbordsticker2-optimized.jpg","contentUrl":"https:\/\/www.amstelprinting.nl\/wp-content\/uploads\/Makelaarsbordsticker2-optimized.jpg","width":700,"height":700,"caption":"Makelaarsbordsticker2.jpg"},{"@type":"BreadcrumbList","@id":"https:\/\/www.amstelprinting.nl\/it\/negozio\/pubblicita-esterna\/costruzione-e-proprieta\/adesivo-per-cartello-immobiliare\/#breadcrumb","itemListElement":[{"@type":"ListItem","position":1,"name":"","item":"https:\/\/www.amstelprinting.nl\/it\/"},{"@type":"ListItem","position":2,"name":"Amstel Printing","item":"https:\/\/www.amstelprinting.nl\/it\/negozio\/"},{"@type":"ListItem","position":3,"name":"Pubblicit\u00e0 esterna","item":"https:\/\/www.amstelprinting.nl\/it\/categoria\/pubblicita-esterna\/"},{"@type":"ListItem","position":4,"name":"Costruzione e; propriet\u00e0","item":"https:\/\/www.amstelprinting.nl\/it\/categoria\/pubblicita-esterna\/costruzione-e-proprieta\/"},{"@type":"ListItem","position":5,"name":"Adesivo per cartello immobiliare"}]},{"@type":"WebSite","@id":"https:\/\/www.amstelprinting.nl\/it\/#website","url":"https:\/\/www.amstelprinting.nl\/it\/","name":"Amstel Printing","description":"Creating Exposure","publisher":{"@id":"https:\/\/www.amstelprinting.nl\/it\/#organization"},"potentialAction":[{"@type":"SearchAction","target":{"@type":"EntryPoint","urlTemplate":"https:\/\/www.amstelprinting.nl\/it\/?s={search_term_string}"},"query-input":{"@type":"PropertyValueSpecification","valueRequired":true,"valueName":"search_term_string"}}],"inLanguage":"it-IT"},{"@type":"Organization","@id":"https:\/\/www.amstelprinting.nl\/it\/#organization","name":"Amstel Printing","url":"https:\/\/www.amstelprinting.nl\/it\/","logo":{"@type":"ImageObject","inLanguage":"it-IT","@id":"https:\/\/www.amstelprinting.nl\/it\/#\/schema\/logo\/image\/","url":"https:\/\/www.amstelprinting.nl\/wp-content\/uploads\/amstel_printing_logo_clean.png","contentUrl":"https:\/\/www.amstelprinting.nl\/wp-content\/uploads\/amstel_printing_logo_clean.png","width":324,"height":73,"caption":"Amstel Printing"},"image":{"@id":"https:\/\/www.amstelprinting.nl\/it\/#\/schema\/logo\/image\/"}}]}},"_links":{"self":[{"href":"https:\/\/www.amstelprinting.nl\/it\/wp-json\/wp\/v2\/product\/15901","targetHints":{"allow":["GET"]}}],"collection":[{"href":"https:\/\/www.amstelprinting.nl\/it\/wp-json\/wp\/v2\/product"}],"about":[{"href":"https:\/\/www.amstelprinting.nl\/it\/wp-json\/wp\/v2\/types\/product"}],"wp:featuredmedia":[{"embeddable":true,"href":"https:\/\/www.amstelprinting.nl\/it\/wp-json\/wp\/v2\/media\/15902"}],"wp:attachment":[{"href":"https:\/\/www.amstelprinting.nl\/it\/wp-json\/wp\/v2\/media?parent=15901"}],"wp:term":[{"taxonomy":"product_brand","embeddable":true,"href":"https:\/\/www.amstelprinting.nl\/it\/wp-json\/wp\/v2\/product_brand?post=15901"},{"taxonomy":"product_cat","embeddable":true,"href":"https:\/\/www.amstelprinting.nl\/it\/wp-json\/wp\/v2\/product_cat?post=15901"},{"taxonomy":"product_tag","embeddable":true,"href":"https:\/\/www.amstelprinting.nl\/it\/wp-json\/wp\/v2\/product_tag?post=15901"}],"curies":[{"name":"wp","href":"https:\/\/api.w.org\/{rel}","templated":true}]}}