{"id":15911,"date":"2025-01-21T19:46:17","date_gmt":"2025-01-21T18:46:17","guid":{"rendered":"https:\/\/www.amstelprinting.nl\/winkel\/senza-categoria\/sportveldbord\/"},"modified":"2026-02-18T12:41:20","modified_gmt":"2026-02-18T11:41:20","slug":"cartellone-per-campo-sportivo","status":"publish","type":"product","link":"https:\/\/www.amstelprinting.nl\/it\/negozio\/pubblicita-esterna\/cartelloni-pubblicitari\/cartellone-per-campo-sportivo\/","title":{"rendered":"Cartellone per campo sportivo"},"content":{"rendered":"<h2>Stampa cartelloni per campi sportivi<\/h2>\n<p>I cartelloni per campi sportivi sono chiamati anche pannelli per presentazioni, cartelloni per esterni o cartelloni da calcio. Un cartellone per campo sportivo stampato \u00e8 un mezzo promozionale molto popolare ed estremamente efficace. Presso Amstel Printing puoi configurare e ordinare il tuo cartellone per campo sportivo stampato in modo molto semplice ed economico.<\/p>\n<h2><\/h2>\n<h2>Materiale<\/h2>\n<p>I nostri cartelloni per campi sportivi sono disponibili in due diverse qualit\u00e0;<\/p>\n<p><strong>Dibond<\/strong><\/p>\n<ul>\n<li>Materiale: alluminio e polietilene<\/li>\n<li>Pannello sandwich relativamente leggero<\/li>\n<li>Resistente ai graffi e agli agenti atmosferici<\/li>\n<li>Adatto per uso interno ed esterno<\/li>\n<li>Stampabile solo su un lato<\/li>\n<\/ul>\n<p>&nbsp;<\/p>\n<p><strong>HPL<\/strong><\/p>\n<ul>\n<li>Materiale: strato superficiale in resina sintetica con un nucleo di strati di carta compressa<\/li>\n<li>Qualit\u00e0 pi\u00f9 pesante (8,5 kg\/m2 &#8211; 25% pi\u00f9 pesante del Dibond)<\/li>\n<li>Resistente ai graffi e agli agenti atmosferici<\/li>\n<li>Adatto per uso interno ed esterno<\/li>\n<li>Stampabile sia su un lato che su entrambi i lati<\/li>\n<\/ul>\n<p>&nbsp;<\/p>\n<h2>Finitura<\/h2>\n<div>Scegli la finitura desiderata. A seconda del materiale scelto (Dibond o HPL), \u00e8 possibile scegliere diverse finiture.<\/div>\n<p><strong>Dibond<\/strong><\/p>\n<ul>\n<li>nessun rivestimento<\/li>\n<li>rivestimento protettivo opaco<\/li>\n<li>rivestimento protettivo lucido<\/li>\n<\/ul>\n<p><strong>HPL<\/strong><br \/>\nUn cartellone per campo sportivo in HPL pu\u00f2 essere rifinito con una pellicola lucida o opaca. Nota: con l&#8217;HPL, la lastra pu\u00f2 imbarcarsi se solo un lato \u00e8 provvisto di pellicola.<\/p>\n<h2><\/h2>\n<h2>Fissaggio del cartellone per campo sportivo<\/h2>\n<p>Per il fissaggio del cartellone per campo sportivo, puoi scegliere di far praticare dei fori nel cartellone. Il diametro minimo del foro \u00e8 di 5 mm. Se desideri fori pi\u00f9 grandi, puoi comunicarcelo nella configurazione. Non \u00e8 necessario indicare i fori nel file, lo faremo noi per te.<\/p>\n","protected":false},"excerpt":{"rendered":"<div>\n<p>Lascia un&#8217;impressione sportiva e promuovi la tua azienda con un cartellone per campo sportivo stampato. Ideale per la promozione lungo i campi da hockey e\/o calcio.<\/p>\n<p>&nbsp;<\/p>\n<\/div>\n","protected":false},"featured_media":15912,"template":"","meta":{"_et_pb_use_builder":"","_et_pb_old_content":"","_et_gb_content_width":""},"product_brand":[],"product_cat":[467,447],"product_tag":[],"class_list":{"0":"post-15911","1":"product","2":"type-product","3":"status-publish","4":"has-post-thumbnail","6":"product_cat-cartelloni-pubblicitari","7":"product_cat-pubblicita-esterna","9":"first","10":"instock","11":"taxable","12":"shipping-taxable","13":"purchasable","14":"product-type-simple"},"yoast_head":"<!-- This site is optimized with the Yoast SEO plugin v27.3 - https:\/\/yoast.com\/product\/yoast-seo-wordpress\/ -->\n<title>Cartellone per campo sportivo Progettazione e Stampa | Amstel Printing - Economico e veloce!<\/title>\n<meta name=\"description\" content=\"Cartelloni per campi sportivi: un bellissimo cartellone pubblicitario per il campo sportivo. Calcola immediatamente un prezzo per un cartellone per campo sportivo con stampa personalizzata. Inizia a progettare qui!\" \/>\n<meta name=\"robots\" content=\"index, follow, max-snippet:-1, max-image-preview:large, max-video-preview:-1\" \/>\n<link rel=\"canonical\" href=\"https:\/\/www.amstelprinting.nl\/it\/negozio\/pubblicita-esterna\/cartelloni-pubblicitari\/cartellone-per-campo-sportivo\/\" \/>\n<meta property=\"og:locale\" content=\"it_IT\" \/>\n<meta property=\"og:type\" content=\"article\" \/>\n<meta property=\"og:title\" content=\"Cartellone per campo sportivo Progettazione e Stampa | Amstel Printing - Economico e veloce!\" \/>\n<meta property=\"og:description\" content=\"Cartelloni per campi sportivi: un bellissimo cartellone pubblicitario per il campo sportivo. Calcola immediatamente un prezzo per un cartellone per campo sportivo con stampa personalizzata. Inizia a progettare qui!\" \/>\n<meta property=\"og:url\" content=\"https:\/\/www.amstelprinting.nl\/it\/negozio\/pubblicita-esterna\/cartelloni-pubblicitari\/cartellone-per-campo-sportivo\/\" \/>\n<meta property=\"og:site_name\" content=\"Amstel Printing\" \/>\n<meta property=\"article:modified_time\" content=\"2026-02-18T11:41:20+00:00\" \/>\n<meta property=\"og:image\" content=\"https:\/\/www.amstelprinting.nl\/wp-content\/uploads\/Sportveldbord-optimized.jpg\" \/>\n\t<meta property=\"og:image:width\" content=\"700\" \/>\n\t<meta property=\"og:image:height\" content=\"700\" \/>\n\t<meta property=\"og:image:type\" content=\"image\/jpeg\" \/>\n<meta name=\"twitter:card\" content=\"summary_large_image\" \/>\n<meta name=\"twitter:label1\" content=\"Tempo di lettura stimato\" \/>\n\t<meta name=\"twitter:data1\" content=\"1 minuto\" \/>\n<script type=\"application\/ld+json\" class=\"yoast-schema-graph\">{\"@context\":\"https:\\\/\\\/schema.org\",\"@graph\":[{\"@type\":\"WebPage\",\"@id\":\"https:\\\/\\\/www.amstelprinting.nl\\\/it\\\/negozio\\\/pubblicita-esterna\\\/cartelloni-pubblicitari\\\/cartellone-per-campo-sportivo\\\/\",\"url\":\"https:\\\/\\\/www.amstelprinting.nl\\\/it\\\/negozio\\\/pubblicita-esterna\\\/cartelloni-pubblicitari\\\/cartellone-per-campo-sportivo\\\/\",\"name\":\"Cartellone per campo sportivo Progettazione e Stampa | Amstel Printing - Economico e veloce!\",\"isPartOf\":{\"@id\":\"https:\\\/\\\/www.amstelprinting.nl\\\/it\\\/#website\"},\"primaryImageOfPage\":{\"@id\":\"https:\\\/\\\/www.amstelprinting.nl\\\/it\\\/negozio\\\/pubblicita-esterna\\\/cartelloni-pubblicitari\\\/cartellone-per-campo-sportivo\\\/#primaryimage\"},\"image\":{\"@id\":\"https:\\\/\\\/www.amstelprinting.nl\\\/it\\\/negozio\\\/pubblicita-esterna\\\/cartelloni-pubblicitari\\\/cartellone-per-campo-sportivo\\\/#primaryimage\"},\"thumbnailUrl\":\"https:\\\/\\\/www.amstelprinting.nl\\\/wp-content\\\/uploads\\\/Sportveldbord-optimized.jpg\",\"datePublished\":\"2025-01-21T18:46:17+00:00\",\"dateModified\":\"2026-02-18T11:41:20+00:00\",\"description\":\"Cartelloni per campi sportivi: un bellissimo cartellone pubblicitario per il campo sportivo. Calcola immediatamente un prezzo per un cartellone per campo sportivo con stampa personalizzata. Inizia a progettare qui!\",\"breadcrumb\":{\"@id\":\"https:\\\/\\\/www.amstelprinting.nl\\\/it\\\/negozio\\\/pubblicita-esterna\\\/cartelloni-pubblicitari\\\/cartellone-per-campo-sportivo\\\/#breadcrumb\"},\"inLanguage\":\"it-IT\",\"potentialAction\":[{\"@type\":\"ReadAction\",\"target\":[\"https:\\\/\\\/www.amstelprinting.nl\\\/it\\\/negozio\\\/pubblicita-esterna\\\/cartelloni-pubblicitari\\\/cartellone-per-campo-sportivo\\\/\"]}]},{\"@type\":\"ImageObject\",\"inLanguage\":\"it-IT\",\"@id\":\"https:\\\/\\\/www.amstelprinting.nl\\\/it\\\/negozio\\\/pubblicita-esterna\\\/cartelloni-pubblicitari\\\/cartellone-per-campo-sportivo\\\/#primaryimage\",\"url\":\"https:\\\/\\\/www.amstelprinting.nl\\\/wp-content\\\/uploads\\\/Sportveldbord-optimized.jpg\",\"contentUrl\":\"https:\\\/\\\/www.amstelprinting.nl\\\/wp-content\\\/uploads\\\/Sportveldbord-optimized.jpg\",\"width\":700,\"height\":700,\"caption\":\"Sportveldbord.png\"},{\"@type\":\"BreadcrumbList\",\"@id\":\"https:\\\/\\\/www.amstelprinting.nl\\\/it\\\/negozio\\\/pubblicita-esterna\\\/cartelloni-pubblicitari\\\/cartellone-per-campo-sportivo\\\/#breadcrumb\",\"itemListElement\":[{\"@type\":\"ListItem\",\"position\":1,\"name\":\"\",\"item\":\"https:\\\/\\\/www.amstelprinting.nl\\\/it\\\/\"},{\"@type\":\"ListItem\",\"position\":2,\"name\":\"Amstel Printing\",\"item\":\"https:\\\/\\\/www.amstelprinting.nl\\\/it\\\/negozio\\\/\"},{\"@type\":\"ListItem\",\"position\":3,\"name\":\"Pubblicit\u00e0 esterna\",\"item\":\"https:\\\/\\\/www.amstelprinting.nl\\\/it\\\/categoria\\\/pubblicita-esterna\\\/\"},{\"@type\":\"ListItem\",\"position\":4,\"name\":\"Cartelloni pubblicitari\",\"item\":\"https:\\\/\\\/www.amstelprinting.nl\\\/it\\\/categoria\\\/pubblicita-esterna\\\/cartelloni-pubblicitari\\\/\"},{\"@type\":\"ListItem\",\"position\":5,\"name\":\"Cartellone per campo sportivo\"}]},{\"@type\":\"WebSite\",\"@id\":\"https:\\\/\\\/www.amstelprinting.nl\\\/it\\\/#website\",\"url\":\"https:\\\/\\\/www.amstelprinting.nl\\\/it\\\/\",\"name\":\"Amstel Printing\",\"description\":\"Creating Exposure\",\"publisher\":{\"@id\":\"https:\\\/\\\/www.amstelprinting.nl\\\/it\\\/#organization\"},\"potentialAction\":[{\"@type\":\"SearchAction\",\"target\":{\"@type\":\"EntryPoint\",\"urlTemplate\":\"https:\\\/\\\/www.amstelprinting.nl\\\/it\\\/?s={search_term_string}\"},\"query-input\":{\"@type\":\"PropertyValueSpecification\",\"valueRequired\":true,\"valueName\":\"search_term_string\"}}],\"inLanguage\":\"it-IT\"},{\"@type\":\"Organization\",\"@id\":\"https:\\\/\\\/www.amstelprinting.nl\\\/it\\\/#organization\",\"name\":\"Amstel Printing\",\"url\":\"https:\\\/\\\/www.amstelprinting.nl\\\/it\\\/\",\"logo\":{\"@type\":\"ImageObject\",\"inLanguage\":\"it-IT\",\"@id\":\"https:\\\/\\\/www.amstelprinting.nl\\\/it\\\/#\\\/schema\\\/logo\\\/image\\\/\",\"url\":\"https:\\\/\\\/www.amstelprinting.nl\\\/wp-content\\\/uploads\\\/amstel_printing_logo_clean.png\",\"contentUrl\":\"https:\\\/\\\/www.amstelprinting.nl\\\/wp-content\\\/uploads\\\/amstel_printing_logo_clean.png\",\"width\":324,\"height\":73,\"caption\":\"Amstel Printing\"},\"image\":{\"@id\":\"https:\\\/\\\/www.amstelprinting.nl\\\/it\\\/#\\\/schema\\\/logo\\\/image\\\/\"}}]}<\/script>\n<!-- \/ Yoast SEO plugin. -->","yoast_head_json":{"title":"Cartellone per campo sportivo Progettazione e Stampa | Amstel Printing - Economico e veloce!","description":"Cartelloni per campi sportivi: un bellissimo cartellone pubblicitario per il campo sportivo. Calcola immediatamente un prezzo per un cartellone per campo sportivo con stampa personalizzata. Inizia a progettare qui!","robots":{"index":"index","follow":"follow","max-snippet":"max-snippet:-1","max-image-preview":"max-image-preview:large","max-video-preview":"max-video-preview:-1"},"canonical":"https:\/\/www.amstelprinting.nl\/it\/negozio\/pubblicita-esterna\/cartelloni-pubblicitari\/cartellone-per-campo-sportivo\/","og_locale":"it_IT","og_type":"article","og_title":"Cartellone per campo sportivo Progettazione e Stampa | Amstel Printing - Economico e veloce!","og_description":"Cartelloni per campi sportivi: un bellissimo cartellone pubblicitario per il campo sportivo. Calcola immediatamente un prezzo per un cartellone per campo sportivo con stampa personalizzata. Inizia a progettare qui!","og_url":"https:\/\/www.amstelprinting.nl\/it\/negozio\/pubblicita-esterna\/cartelloni-pubblicitari\/cartellone-per-campo-sportivo\/","og_site_name":"Amstel Printing","article_modified_time":"2026-02-18T11:41:20+00:00","og_image":[{"width":700,"height":700,"url":"https:\/\/www.amstelprinting.nl\/wp-content\/uploads\/Sportveldbord-optimized.jpg","type":"image\/jpeg"}],"twitter_card":"summary_large_image","twitter_misc":{"Tempo di lettura stimato":"1 minuto"},"schema":{"@context":"https:\/\/schema.org","@graph":[{"@type":"WebPage","@id":"https:\/\/www.amstelprinting.nl\/it\/negozio\/pubblicita-esterna\/cartelloni-pubblicitari\/cartellone-per-campo-sportivo\/","url":"https:\/\/www.amstelprinting.nl\/it\/negozio\/pubblicita-esterna\/cartelloni-pubblicitari\/cartellone-per-campo-sportivo\/","name":"Cartellone per campo sportivo Progettazione e Stampa | Amstel Printing - Economico e veloce!","isPartOf":{"@id":"https:\/\/www.amstelprinting.nl\/it\/#website"},"primaryImageOfPage":{"@id":"https:\/\/www.amstelprinting.nl\/it\/negozio\/pubblicita-esterna\/cartelloni-pubblicitari\/cartellone-per-campo-sportivo\/#primaryimage"},"image":{"@id":"https:\/\/www.amstelprinting.nl\/it\/negozio\/pubblicita-esterna\/cartelloni-pubblicitari\/cartellone-per-campo-sportivo\/#primaryimage"},"thumbnailUrl":"https:\/\/www.amstelprinting.nl\/wp-content\/uploads\/Sportveldbord-optimized.jpg","datePublished":"2025-01-21T18:46:17+00:00","dateModified":"2026-02-18T11:41:20+00:00","description":"Cartelloni per campi sportivi: un bellissimo cartellone pubblicitario per il campo sportivo. Calcola immediatamente un prezzo per un cartellone per campo sportivo con stampa personalizzata. Inizia a progettare qui!","breadcrumb":{"@id":"https:\/\/www.amstelprinting.nl\/it\/negozio\/pubblicita-esterna\/cartelloni-pubblicitari\/cartellone-per-campo-sportivo\/#breadcrumb"},"inLanguage":"it-IT","potentialAction":[{"@type":"ReadAction","target":["https:\/\/www.amstelprinting.nl\/it\/negozio\/pubblicita-esterna\/cartelloni-pubblicitari\/cartellone-per-campo-sportivo\/"]}]},{"@type":"ImageObject","inLanguage":"it-IT","@id":"https:\/\/www.amstelprinting.nl\/it\/negozio\/pubblicita-esterna\/cartelloni-pubblicitari\/cartellone-per-campo-sportivo\/#primaryimage","url":"https:\/\/www.amstelprinting.nl\/wp-content\/uploads\/Sportveldbord-optimized.jpg","contentUrl":"https:\/\/www.amstelprinting.nl\/wp-content\/uploads\/Sportveldbord-optimized.jpg","width":700,"height":700,"caption":"Sportveldbord.png"},{"@type":"BreadcrumbList","@id":"https:\/\/www.amstelprinting.nl\/it\/negozio\/pubblicita-esterna\/cartelloni-pubblicitari\/cartellone-per-campo-sportivo\/#breadcrumb","itemListElement":[{"@type":"ListItem","position":1,"name":"","item":"https:\/\/www.amstelprinting.nl\/it\/"},{"@type":"ListItem","position":2,"name":"Amstel Printing","item":"https:\/\/www.amstelprinting.nl\/it\/negozio\/"},{"@type":"ListItem","position":3,"name":"Pubblicit\u00e0 esterna","item":"https:\/\/www.amstelprinting.nl\/it\/categoria\/pubblicita-esterna\/"},{"@type":"ListItem","position":4,"name":"Cartelloni pubblicitari","item":"https:\/\/www.amstelprinting.nl\/it\/categoria\/pubblicita-esterna\/cartelloni-pubblicitari\/"},{"@type":"ListItem","position":5,"name":"Cartellone per campo sportivo"}]},{"@type":"WebSite","@id":"https:\/\/www.amstelprinting.nl\/it\/#website","url":"https:\/\/www.amstelprinting.nl\/it\/","name":"Amstel Printing","description":"Creating Exposure","publisher":{"@id":"https:\/\/www.amstelprinting.nl\/it\/#organization"},"potentialAction":[{"@type":"SearchAction","target":{"@type":"EntryPoint","urlTemplate":"https:\/\/www.amstelprinting.nl\/it\/?s={search_term_string}"},"query-input":{"@type":"PropertyValueSpecification","valueRequired":true,"valueName":"search_term_string"}}],"inLanguage":"it-IT"},{"@type":"Organization","@id":"https:\/\/www.amstelprinting.nl\/it\/#organization","name":"Amstel Printing","url":"https:\/\/www.amstelprinting.nl\/it\/","logo":{"@type":"ImageObject","inLanguage":"it-IT","@id":"https:\/\/www.amstelprinting.nl\/it\/#\/schema\/logo\/image\/","url":"https:\/\/www.amstelprinting.nl\/wp-content\/uploads\/amstel_printing_logo_clean.png","contentUrl":"https:\/\/www.amstelprinting.nl\/wp-content\/uploads\/amstel_printing_logo_clean.png","width":324,"height":73,"caption":"Amstel Printing"},"image":{"@id":"https:\/\/www.amstelprinting.nl\/it\/#\/schema\/logo\/image\/"}}]}},"_links":{"self":[{"href":"https:\/\/www.amstelprinting.nl\/it\/wp-json\/wp\/v2\/product\/15911","targetHints":{"allow":["GET"]}}],"collection":[{"href":"https:\/\/www.amstelprinting.nl\/it\/wp-json\/wp\/v2\/product"}],"about":[{"href":"https:\/\/www.amstelprinting.nl\/it\/wp-json\/wp\/v2\/types\/product"}],"wp:featuredmedia":[{"embeddable":true,"href":"https:\/\/www.amstelprinting.nl\/it\/wp-json\/wp\/v2\/media\/15912"}],"wp:attachment":[{"href":"https:\/\/www.amstelprinting.nl\/it\/wp-json\/wp\/v2\/media?parent=15911"}],"wp:term":[{"taxonomy":"product_brand","embeddable":true,"href":"https:\/\/www.amstelprinting.nl\/it\/wp-json\/wp\/v2\/product_brand?post=15911"},{"taxonomy":"product_cat","embeddable":true,"href":"https:\/\/www.amstelprinting.nl\/it\/wp-json\/wp\/v2\/product_cat?post=15911"},{"taxonomy":"product_tag","embeddable":true,"href":"https:\/\/www.amstelprinting.nl\/it\/wp-json\/wp\/v2\/product_tag?post=15911"}],"curies":[{"name":"wp","href":"https:\/\/api.w.org\/{rel}","templated":true}]}}