{"id":9494,"date":"2025-07-15T12:52:49","date_gmt":"2025-07-15T10:52:49","guid":{"rendered":"https:\/\/www.amstelprinting.nl\/winkel\/senza-categoria\/sign-again-2\/"},"modified":"2026-02-18T12:34:36","modified_gmt":"2026-02-18T11:34:36","slug":"sign-again","status":"publish","type":"product","link":"https:\/\/www.amstelprinting.nl\/it\/negozio\/interno\/esterno\/sign-again\/","title":{"rendered":"Sign Again\u00ae"},"content":{"rendered":"<h2>I vantaggi di Sign Again in sintesi<\/h2>\n<ul>\n<li>Realizzato in materiale per banner riciclato al 100% (Banner 510)<\/li>\n<li>Robusto, resistente agli urti e leggermente flessibile<\/li>\n<li>Ignifugo (B1) \u2013 adatto per spazi pubblici<\/li>\n<li>Disponibile sia non trattato che con rivestimento bianco<\/li>\n<li>Riutilizzabile e completamente riciclabile<\/li>\n<\/ul>\n<p>&nbsp;<\/p>\n<h2>Circolare e versatile<\/h2>\n<p>Sign Again offre una soluzione circolare nel settore della comunicazione visiva. Grazie alla sua robustezza, resistenza ai graffi e flessibilit\u00e0, \u00e8 ideale per applicazioni quali:<\/p>\n<ul>\n<li>Pareti per fiere e display<\/li>\n<li>Segnaletica<\/li>\n<li>Decorazioni per festival<\/li>\n<li>Applicazioni per interni (come piastrelle da parete o decorazioni per pavimenti)<\/li>\n<li>Inoltre, poich\u00e9 il materiale \u00e8 disponibile anche in formati pi\u00f9 grandi, risparmierai tempo durante l&#8217;installazione.<\/li>\n<\/ul>\n<p>&nbsp;<\/p>\n<h2>Specifiche tecniche<\/h2>\n<ul>\n<li>Spessore: 2 mm o 4 mm<\/li>\n<li>Dimensioni massime di stampa: 136 \u00d7 116 cm per lastra<\/li>\n<li>Stampa: monofacciale, con o senza rivestimento<\/li>\n<li>Scelta tra un look riciclato naturale o una superficie rivestita in bianco candido<\/li>\n<li>Il rivestimento garantisce una stampa pi\u00f9 uniforme, pur mantenendo in gran parte il carattere del materiale riciclato.<\/li>\n<li>Produzione sostenibile senza compromessi<\/li>\n<\/ul>\n<p>&nbsp;<\/p>\n<h2>Sign Again\u00ae spiegato<\/h2>\n<p>Molti materiali nel settore della stampa finiscono in discarica dopo l&#8217;uso. Sign Again previene questo fenomeno rielaborando il materiale residuo in materiale in lastre di alta qualit\u00e0. In questo modo, contribuisci attivamente a ridurre l&#8217;uso di materie prime e le emissioni di CO\u2082.<br \/>\nGrazie all&#8217;approccio circolare, la stampa rimane accessibile, affidabile e responsabile, ora e in futuro.<\/p>\n<h2>Suggerimento pratico<\/h2>\n<p>In caso di ordini con fori, occasionalmente possono rimanere residui di materiale nel foro. \u00c8 possibile rimuoverli facilmente con una leggera pressione.<\/p>\n<h2>Sei pronto per una soluzione di stampa a prova di futuro?<\/h2>\n<p>Scegli Sign Again \u2013 circolare, resistente e professionale. Richiedi un preventivo o ordina direttamente online.<\/p>\n","protected":false},"excerpt":{"rendered":"<h2>Sign Again \u2013 Materiale in lastre circolare da scarti di stampa riciclati<\/h2>\n<p>Cerchi un materiale in lastre sostenibile con un aspetto professionale? Sign Again \u00e8 il primo materiale in lastre per stampa completamente riciclato creato da flussi residui come striscioni usati e scarti di taglio. Una soluzione intelligente ed ecologica per tutte le tue applicazioni interne ed esterne.<\/p>\n","protected":false},"featured_media":9496,"template":"","meta":{"_et_pb_use_builder":"","_et_pb_old_content":"","_et_gb_content_width":""},"product_brand":[],"product_cat":[430,467,453,568,624,554,544,396,389,459,447,445,627,441],"product_tag":[],"class_list":{"0":"post-9494","1":"product","2":"type-product","3":"status-publish","4":"has-post-thumbnail","6":"product_cat-borsa-di-studio-evento","7":"product_cat-cartelloni-pubblicitari","8":"product_cat-costruzione-e-proprieta","9":"product_cat-decorazione-del-pavimento","10":"product_cat-decorazione-murale","11":"product_cat-esterno","12":"product_cat-interno","13":"product_cat-ospitalita","14":"product_cat-presentazione","15":"product_cat-pubblicita-di-facciata","16":"product_cat-pubblicita-esterna","17":"product_cat-pubblicita-murale","18":"product_cat-ufficio","19":"product_cat-vedere-al-dettaglio","21":"first","22":"instock","23":"taxable","24":"shipping-taxable","25":"purchasable","26":"product-type-simple"},"yoast_head":"<!-- This site is optimized with the Yoast SEO plugin v27.3 - https:\/\/yoast.com\/product\/yoast-seo-wordpress\/ -->\n<title>Sign Again\u00ae | Amstel Printing<\/title>\n<meta name=\"robots\" content=\"index, follow, max-snippet:-1, max-image-preview:large, max-video-preview:-1\" \/>\n<link rel=\"canonical\" href=\"https:\/\/www.amstelprinting.nl\/it\/negozio\/interno\/esterno\/sign-again\/\" \/>\n<meta property=\"og:locale\" content=\"it_IT\" \/>\n<meta property=\"og:type\" content=\"article\" \/>\n<meta property=\"og:title\" content=\"Sign Again\u00ae | Amstel Printing\" \/>\n<meta property=\"og:description\" content=\"Sign Again \u2013 Materiale in lastre circolare da scarti di stampa riciclati Cerchi un materiale in lastre sostenibile con un aspetto professionale? Sign Again \u00e8 il primo materiale in lastre per stampa completamente riciclato creato da flussi residui come striscioni usati e scarti di taglio. Una soluzione intelligente ed ecologica per tutte le tue applicazioni interne ed esterne.\" \/>\n<meta property=\"og:url\" content=\"https:\/\/www.amstelprinting.nl\/it\/negozio\/interno\/esterno\/sign-again\/\" \/>\n<meta property=\"og:site_name\" content=\"Amstel Printing\" \/>\n<meta property=\"article:modified_time\" content=\"2026-02-18T11:34:36+00:00\" \/>\n<meta property=\"og:image\" content=\"https:\/\/www.amstelprinting.nl\/wp-content\/uploads\/Sign-Again.jpg\" \/>\n\t<meta property=\"og:image:width\" content=\"700\" \/>\n\t<meta property=\"og:image:height\" content=\"700\" \/>\n\t<meta property=\"og:image:type\" content=\"image\/jpeg\" \/>\n<meta name=\"twitter:card\" content=\"summary_large_image\" \/>\n<meta name=\"twitter:label1\" content=\"Tempo di lettura stimato\" \/>\n\t<meta name=\"twitter:data1\" content=\"1 minuto\" \/>\n<script type=\"application\/ld+json\" class=\"yoast-schema-graph\">{\"@context\":\"https:\\\/\\\/schema.org\",\"@graph\":[{\"@type\":\"WebPage\",\"@id\":\"https:\\\/\\\/www.amstelprinting.nl\\\/it\\\/negozio\\\/interno\\\/esterno\\\/sign-again\\\/\",\"url\":\"https:\\\/\\\/www.amstelprinting.nl\\\/it\\\/negozio\\\/interno\\\/esterno\\\/sign-again\\\/\",\"name\":\"Sign Again\u00ae | Amstel Printing\",\"isPartOf\":{\"@id\":\"https:\\\/\\\/www.amstelprinting.nl\\\/it\\\/#website\"},\"primaryImageOfPage\":{\"@id\":\"https:\\\/\\\/www.amstelprinting.nl\\\/it\\\/negozio\\\/interno\\\/esterno\\\/sign-again\\\/#primaryimage\"},\"image\":{\"@id\":\"https:\\\/\\\/www.amstelprinting.nl\\\/it\\\/negozio\\\/interno\\\/esterno\\\/sign-again\\\/#primaryimage\"},\"thumbnailUrl\":\"https:\\\/\\\/www.amstelprinting.nl\\\/wp-content\\\/uploads\\\/Sign-Again.jpg\",\"datePublished\":\"2025-07-15T10:52:49+00:00\",\"dateModified\":\"2026-02-18T11:34:36+00:00\",\"breadcrumb\":{\"@id\":\"https:\\\/\\\/www.amstelprinting.nl\\\/it\\\/negozio\\\/interno\\\/esterno\\\/sign-again\\\/#breadcrumb\"},\"inLanguage\":\"it-IT\",\"potentialAction\":[{\"@type\":\"ReadAction\",\"target\":[\"https:\\\/\\\/www.amstelprinting.nl\\\/it\\\/negozio\\\/interno\\\/esterno\\\/sign-again\\\/\"]}]},{\"@type\":\"ImageObject\",\"inLanguage\":\"it-IT\",\"@id\":\"https:\\\/\\\/www.amstelprinting.nl\\\/it\\\/negozio\\\/interno\\\/esterno\\\/sign-again\\\/#primaryimage\",\"url\":\"https:\\\/\\\/www.amstelprinting.nl\\\/wp-content\\\/uploads\\\/Sign-Again.jpg\",\"contentUrl\":\"https:\\\/\\\/www.amstelprinting.nl\\\/wp-content\\\/uploads\\\/Sign-Again.jpg\",\"width\":700,\"height\":700},{\"@type\":\"BreadcrumbList\",\"@id\":\"https:\\\/\\\/www.amstelprinting.nl\\\/it\\\/negozio\\\/interno\\\/esterno\\\/sign-again\\\/#breadcrumb\",\"itemListElement\":[{\"@type\":\"ListItem\",\"position\":1,\"name\":\"\",\"item\":\"https:\\\/\\\/www.amstelprinting.nl\\\/it\\\/\"},{\"@type\":\"ListItem\",\"position\":2,\"name\":\"Amstel Printing\",\"item\":\"https:\\\/\\\/www.amstelprinting.nl\\\/it\\\/negozio\\\/\"},{\"@type\":\"ListItem\",\"position\":3,\"name\":\"Interno\",\"item\":\"https:\\\/\\\/www.amstelprinting.nl\\\/it\\\/categoria\\\/interno\\\/\"},{\"@type\":\"ListItem\",\"position\":4,\"name\":\"Sign Again\u00ae\"}]},{\"@type\":\"WebSite\",\"@id\":\"https:\\\/\\\/www.amstelprinting.nl\\\/it\\\/#website\",\"url\":\"https:\\\/\\\/www.amstelprinting.nl\\\/it\\\/\",\"name\":\"Amstel Printing\",\"description\":\"Creating Exposure\",\"publisher\":{\"@id\":\"https:\\\/\\\/www.amstelprinting.nl\\\/it\\\/#organization\"},\"potentialAction\":[{\"@type\":\"SearchAction\",\"target\":{\"@type\":\"EntryPoint\",\"urlTemplate\":\"https:\\\/\\\/www.amstelprinting.nl\\\/it\\\/?s={search_term_string}\"},\"query-input\":{\"@type\":\"PropertyValueSpecification\",\"valueRequired\":true,\"valueName\":\"search_term_string\"}}],\"inLanguage\":\"it-IT\"},{\"@type\":\"Organization\",\"@id\":\"https:\\\/\\\/www.amstelprinting.nl\\\/it\\\/#organization\",\"name\":\"Amstel Printing\",\"url\":\"https:\\\/\\\/www.amstelprinting.nl\\\/it\\\/\",\"logo\":{\"@type\":\"ImageObject\",\"inLanguage\":\"it-IT\",\"@id\":\"https:\\\/\\\/www.amstelprinting.nl\\\/it\\\/#\\\/schema\\\/logo\\\/image\\\/\",\"url\":\"https:\\\/\\\/www.amstelprinting.nl\\\/wp-content\\\/uploads\\\/amstel_printing_logo_clean.png\",\"contentUrl\":\"https:\\\/\\\/www.amstelprinting.nl\\\/wp-content\\\/uploads\\\/amstel_printing_logo_clean.png\",\"width\":324,\"height\":73,\"caption\":\"Amstel Printing\"},\"image\":{\"@id\":\"https:\\\/\\\/www.amstelprinting.nl\\\/it\\\/#\\\/schema\\\/logo\\\/image\\\/\"}}]}<\/script>\n<!-- \/ Yoast SEO plugin. -->","yoast_head_json":{"title":"Sign Again\u00ae | Amstel Printing","robots":{"index":"index","follow":"follow","max-snippet":"max-snippet:-1","max-image-preview":"max-image-preview:large","max-video-preview":"max-video-preview:-1"},"canonical":"https:\/\/www.amstelprinting.nl\/it\/negozio\/interno\/esterno\/sign-again\/","og_locale":"it_IT","og_type":"article","og_title":"Sign Again\u00ae | Amstel Printing","og_description":"Sign Again \u2013 Materiale in lastre circolare da scarti di stampa riciclati Cerchi un materiale in lastre sostenibile con un aspetto professionale? Sign Again \u00e8 il primo materiale in lastre per stampa completamente riciclato creato da flussi residui come striscioni usati e scarti di taglio. Una soluzione intelligente ed ecologica per tutte le tue applicazioni interne ed esterne.","og_url":"https:\/\/www.amstelprinting.nl\/it\/negozio\/interno\/esterno\/sign-again\/","og_site_name":"Amstel Printing","article_modified_time":"2026-02-18T11:34:36+00:00","og_image":[{"width":700,"height":700,"url":"https:\/\/www.amstelprinting.nl\/wp-content\/uploads\/Sign-Again.jpg","type":"image\/jpeg"}],"twitter_card":"summary_large_image","twitter_misc":{"Tempo di lettura stimato":"1 minuto"},"schema":{"@context":"https:\/\/schema.org","@graph":[{"@type":"WebPage","@id":"https:\/\/www.amstelprinting.nl\/it\/negozio\/interno\/esterno\/sign-again\/","url":"https:\/\/www.amstelprinting.nl\/it\/negozio\/interno\/esterno\/sign-again\/","name":"Sign Again\u00ae | Amstel Printing","isPartOf":{"@id":"https:\/\/www.amstelprinting.nl\/it\/#website"},"primaryImageOfPage":{"@id":"https:\/\/www.amstelprinting.nl\/it\/negozio\/interno\/esterno\/sign-again\/#primaryimage"},"image":{"@id":"https:\/\/www.amstelprinting.nl\/it\/negozio\/interno\/esterno\/sign-again\/#primaryimage"},"thumbnailUrl":"https:\/\/www.amstelprinting.nl\/wp-content\/uploads\/Sign-Again.jpg","datePublished":"2025-07-15T10:52:49+00:00","dateModified":"2026-02-18T11:34:36+00:00","breadcrumb":{"@id":"https:\/\/www.amstelprinting.nl\/it\/negozio\/interno\/esterno\/sign-again\/#breadcrumb"},"inLanguage":"it-IT","potentialAction":[{"@type":"ReadAction","target":["https:\/\/www.amstelprinting.nl\/it\/negozio\/interno\/esterno\/sign-again\/"]}]},{"@type":"ImageObject","inLanguage":"it-IT","@id":"https:\/\/www.amstelprinting.nl\/it\/negozio\/interno\/esterno\/sign-again\/#primaryimage","url":"https:\/\/www.amstelprinting.nl\/wp-content\/uploads\/Sign-Again.jpg","contentUrl":"https:\/\/www.amstelprinting.nl\/wp-content\/uploads\/Sign-Again.jpg","width":700,"height":700},{"@type":"BreadcrumbList","@id":"https:\/\/www.amstelprinting.nl\/it\/negozio\/interno\/esterno\/sign-again\/#breadcrumb","itemListElement":[{"@type":"ListItem","position":1,"name":"","item":"https:\/\/www.amstelprinting.nl\/it\/"},{"@type":"ListItem","position":2,"name":"Amstel Printing","item":"https:\/\/www.amstelprinting.nl\/it\/negozio\/"},{"@type":"ListItem","position":3,"name":"Interno","item":"https:\/\/www.amstelprinting.nl\/it\/categoria\/interno\/"},{"@type":"ListItem","position":4,"name":"Sign Again\u00ae"}]},{"@type":"WebSite","@id":"https:\/\/www.amstelprinting.nl\/it\/#website","url":"https:\/\/www.amstelprinting.nl\/it\/","name":"Amstel Printing","description":"Creating Exposure","publisher":{"@id":"https:\/\/www.amstelprinting.nl\/it\/#organization"},"potentialAction":[{"@type":"SearchAction","target":{"@type":"EntryPoint","urlTemplate":"https:\/\/www.amstelprinting.nl\/it\/?s={search_term_string}"},"query-input":{"@type":"PropertyValueSpecification","valueRequired":true,"valueName":"search_term_string"}}],"inLanguage":"it-IT"},{"@type":"Organization","@id":"https:\/\/www.amstelprinting.nl\/it\/#organization","name":"Amstel Printing","url":"https:\/\/www.amstelprinting.nl\/it\/","logo":{"@type":"ImageObject","inLanguage":"it-IT","@id":"https:\/\/www.amstelprinting.nl\/it\/#\/schema\/logo\/image\/","url":"https:\/\/www.amstelprinting.nl\/wp-content\/uploads\/amstel_printing_logo_clean.png","contentUrl":"https:\/\/www.amstelprinting.nl\/wp-content\/uploads\/amstel_printing_logo_clean.png","width":324,"height":73,"caption":"Amstel Printing"},"image":{"@id":"https:\/\/www.amstelprinting.nl\/it\/#\/schema\/logo\/image\/"}}]}},"_links":{"self":[{"href":"https:\/\/www.amstelprinting.nl\/it\/wp-json\/wp\/v2\/product\/9494","targetHints":{"allow":["GET"]}}],"collection":[{"href":"https:\/\/www.amstelprinting.nl\/it\/wp-json\/wp\/v2\/product"}],"about":[{"href":"https:\/\/www.amstelprinting.nl\/it\/wp-json\/wp\/v2\/types\/product"}],"wp:featuredmedia":[{"embeddable":true,"href":"https:\/\/www.amstelprinting.nl\/it\/wp-json\/wp\/v2\/media\/9496"}],"wp:attachment":[{"href":"https:\/\/www.amstelprinting.nl\/it\/wp-json\/wp\/v2\/media?parent=9494"}],"wp:term":[{"taxonomy":"product_brand","embeddable":true,"href":"https:\/\/www.amstelprinting.nl\/it\/wp-json\/wp\/v2\/product_brand?post=9494"},{"taxonomy":"product_cat","embeddable":true,"href":"https:\/\/www.amstelprinting.nl\/it\/wp-json\/wp\/v2\/product_cat?post=9494"},{"taxonomy":"product_tag","embeddable":true,"href":"https:\/\/www.amstelprinting.nl\/it\/wp-json\/wp\/v2\/product_tag?post=9494"}],"curies":[{"name":"wp","href":"https:\/\/api.w.org\/{rel}","templated":true}]}}