{"id":9521,"date":"2025-07-15T12:51:59","date_gmt":"2025-07-15T10:51:59","guid":{"rendered":"https:\/\/www.amstelprinting.nl\/winkel\/senza-categoria\/ijskrabber\/"},"modified":"2026-02-18T12:34:40","modified_gmt":"2026-02-18T11:34:40","slug":"raschietto-per-ghiaccio","status":"publish","type":"product","link":"https:\/\/www.amstelprinting.nl\/it\/negozio\/borsa-di-studio-evento\/decorazione\/raschietto-per-ghiaccio\/","title":{"rendered":"Raschietto per ghiaccio"},"content":{"rendered":"<h2>Strumento promozionale durevole ed elegante<\/h2>\n<p>Il raschietto per ghiaccio \u00e8 realizzato in polistirene: una plastica robusta e leggera con una superficie liscia. Questo materiale \u00e8 riciclabile al 100% e offre un&#8217;eccellente qualit\u00e0 di stampa. Perfetto per campagne stagionali, regali aziendali o promozioni invernali.<\/p>\n<h2>Completamente personalizzabile secondo i tuoi desideri<\/h2>\n<p>Che tu voglia stampare un logo essenziale, un design colorato o un&#8217;illustrazione invernale, i nostri raschietti per ghiaccio sono facili da personalizzare. Scegli tra la stampa su uno o due lati e dai al raschietto l&#8217;aspetto esatto che meglio si adatta al tuo marchio.<br \/>\nVuoi iniziare subito? Mettiamo a disposizione modelli di design gratuiti nella scheda Download. In questo modo, potrai caricare un file pronto per la stampa in pochi minuti.<\/p>\n<h2>Ordinare raschietti per ghiaccio in pochi passaggi<\/h2>\n<ul>\n<li>Scegli la quantit\u00e0 desiderata \u2013 disponibile a partire da <strong>un pezzo<\/strong><\/li>\n<li>Carica <strong>il tuo design<\/strong> o usa i nostri modelli<\/li>\n<li>Garantiamo una <strong>finitura di alta qualit\u00e0<\/strong> e una <strong>consegna<\/strong> rapida<\/li>\n<\/ul>\n<p><strong>Pronto a dare un caloroso benvenuto invernale ai tuoi clienti, dipendenti o partner commerciali?<\/strong><\/p>\n<p>Richiedi un preventivo senza impegno o ordina direttamente \u2013 e fai risplendere il tuo marchio, anche nei giorni pi\u00f9 freddi dell&#8217;anno.<\/p>\n","protected":false},"excerpt":{"rendered":"<p><strong>Raschietti per ghiaccio personalizzati \u2013 Indispensabili nelle mattine fredde<\/strong><br \/>\nParabrezza ghiacciati? Con un raschietto per ghiaccio personalizzato, rimuovi neve e ghiaccio in un attimo. Completamente nel tuo stile aziendale. Questo aiuto invernale compatto e robusto non \u00e8 solo funzionale, ma anche un potente strumento promozionale durante i mesi invernali. Ordina oggi stesso raschietti per ghiaccio stampati con il tuo logo, design o messaggio.<\/p>\n","protected":false},"featured_media":9522,"template":"","meta":{"_et_pb_use_builder":"","_et_pb_old_content":"","_et_gb_content_width":""},"product_brand":[],"product_cat":[314,430,426,578],"product_tag":[],"class_list":{"0":"post-9521","1":"product","2":"type-product","3":"status-publish","4":"has-post-thumbnail","6":"product_cat-adesivi-e-stampa","7":"product_cat-borsa-di-studio-evento","8":"product_cat-decorazione","9":"product_cat-stampa","11":"first","12":"instock","13":"taxable","14":"shipping-taxable","15":"purchasable","16":"product-type-simple"},"yoast_head":"<!-- This site is optimized with the Yoast SEO plugin v27.3 - https:\/\/yoast.com\/product\/yoast-seo-wordpress\/ -->\n<title>Raschietto per ghiaccio | Amstel Printing<\/title>\n<meta name=\"robots\" content=\"index, follow, max-snippet:-1, max-image-preview:large, max-video-preview:-1\" \/>\n<link rel=\"canonical\" href=\"https:\/\/www.amstelprinting.nl\/it\/negozio\/borsa-di-studio-evento\/decorazione\/raschietto-per-ghiaccio\/\" \/>\n<meta property=\"og:locale\" content=\"it_IT\" \/>\n<meta property=\"og:type\" content=\"article\" \/>\n<meta property=\"og:title\" content=\"Raschietto per ghiaccio | Amstel Printing\" \/>\n<meta property=\"og:description\" content=\"Raschietti per ghiaccio personalizzati \u2013 Indispensabili nelle mattine fredde Parabrezza ghiacciati? Con un raschietto per ghiaccio personalizzato, rimuovi neve e ghiaccio in un attimo. Completamente nel tuo stile aziendale. Questo aiuto invernale compatto e robusto non \u00e8 solo funzionale, ma anche un potente strumento promozionale durante i mesi invernali. Ordina oggi stesso raschietti per ghiaccio stampati con il tuo logo, design o messaggio.\" \/>\n<meta property=\"og:url\" content=\"https:\/\/www.amstelprinting.nl\/it\/negozio\/borsa-di-studio-evento\/decorazione\/raschietto-per-ghiaccio\/\" \/>\n<meta property=\"og:site_name\" content=\"Amstel Printing\" \/>\n<meta property=\"article:modified_time\" content=\"2026-02-18T11:34:40+00:00\" \/>\n<meta property=\"og:image\" content=\"https:\/\/www.amstelprinting.nl\/wp-content\/uploads\/IJskrabber.jpg\" \/>\n\t<meta property=\"og:image:width\" content=\"700\" \/>\n\t<meta property=\"og:image:height\" content=\"700\" \/>\n\t<meta property=\"og:image:type\" content=\"image\/jpeg\" \/>\n<meta name=\"twitter:card\" content=\"summary_large_image\" \/>\n<meta name=\"twitter:label1\" content=\"Tempo di lettura stimato\" \/>\n\t<meta name=\"twitter:data1\" content=\"1 minuto\" \/>\n<script type=\"application\/ld+json\" class=\"yoast-schema-graph\">{\"@context\":\"https:\\\/\\\/schema.org\",\"@graph\":[{\"@type\":\"WebPage\",\"@id\":\"https:\\\/\\\/www.amstelprinting.nl\\\/it\\\/negozio\\\/borsa-di-studio-evento\\\/decorazione\\\/raschietto-per-ghiaccio\\\/\",\"url\":\"https:\\\/\\\/www.amstelprinting.nl\\\/it\\\/negozio\\\/borsa-di-studio-evento\\\/decorazione\\\/raschietto-per-ghiaccio\\\/\",\"name\":\"Raschietto per ghiaccio | Amstel Printing\",\"isPartOf\":{\"@id\":\"https:\\\/\\\/www.amstelprinting.nl\\\/it\\\/#website\"},\"primaryImageOfPage\":{\"@id\":\"https:\\\/\\\/www.amstelprinting.nl\\\/it\\\/negozio\\\/borsa-di-studio-evento\\\/decorazione\\\/raschietto-per-ghiaccio\\\/#primaryimage\"},\"image\":{\"@id\":\"https:\\\/\\\/www.amstelprinting.nl\\\/it\\\/negozio\\\/borsa-di-studio-evento\\\/decorazione\\\/raschietto-per-ghiaccio\\\/#primaryimage\"},\"thumbnailUrl\":\"https:\\\/\\\/www.amstelprinting.nl\\\/wp-content\\\/uploads\\\/IJskrabber.jpg\",\"datePublished\":\"2025-07-15T10:51:59+00:00\",\"dateModified\":\"2026-02-18T11:34:40+00:00\",\"breadcrumb\":{\"@id\":\"https:\\\/\\\/www.amstelprinting.nl\\\/it\\\/negozio\\\/borsa-di-studio-evento\\\/decorazione\\\/raschietto-per-ghiaccio\\\/#breadcrumb\"},\"inLanguage\":\"it-IT\",\"potentialAction\":[{\"@type\":\"ReadAction\",\"target\":[\"https:\\\/\\\/www.amstelprinting.nl\\\/it\\\/negozio\\\/borsa-di-studio-evento\\\/decorazione\\\/raschietto-per-ghiaccio\\\/\"]}]},{\"@type\":\"ImageObject\",\"inLanguage\":\"it-IT\",\"@id\":\"https:\\\/\\\/www.amstelprinting.nl\\\/it\\\/negozio\\\/borsa-di-studio-evento\\\/decorazione\\\/raschietto-per-ghiaccio\\\/#primaryimage\",\"url\":\"https:\\\/\\\/www.amstelprinting.nl\\\/wp-content\\\/uploads\\\/IJskrabber.jpg\",\"contentUrl\":\"https:\\\/\\\/www.amstelprinting.nl\\\/wp-content\\\/uploads\\\/IJskrabber.jpg\",\"width\":700,\"height\":700},{\"@type\":\"BreadcrumbList\",\"@id\":\"https:\\\/\\\/www.amstelprinting.nl\\\/it\\\/negozio\\\/borsa-di-studio-evento\\\/decorazione\\\/raschietto-per-ghiaccio\\\/#breadcrumb\",\"itemListElement\":[{\"@type\":\"ListItem\",\"position\":1,\"name\":\"\",\"item\":\"https:\\\/\\\/www.amstelprinting.nl\\\/it\\\/\"},{\"@type\":\"ListItem\",\"position\":2,\"name\":\"Amstel Printing\",\"item\":\"https:\\\/\\\/www.amstelprinting.nl\\\/it\\\/negozio\\\/\"},{\"@type\":\"ListItem\",\"position\":3,\"name\":\"Borsa di studio evento\",\"item\":\"https:\\\/\\\/www.amstelprinting.nl\\\/it\\\/categoria\\\/borsa-di-studio-evento\\\/\"},{\"@type\":\"ListItem\",\"position\":4,\"name\":\"Raschietto per ghiaccio\"}]},{\"@type\":\"WebSite\",\"@id\":\"https:\\\/\\\/www.amstelprinting.nl\\\/it\\\/#website\",\"url\":\"https:\\\/\\\/www.amstelprinting.nl\\\/it\\\/\",\"name\":\"Amstel Printing\",\"description\":\"Creating Exposure\",\"publisher\":{\"@id\":\"https:\\\/\\\/www.amstelprinting.nl\\\/it\\\/#organization\"},\"potentialAction\":[{\"@type\":\"SearchAction\",\"target\":{\"@type\":\"EntryPoint\",\"urlTemplate\":\"https:\\\/\\\/www.amstelprinting.nl\\\/it\\\/?s={search_term_string}\"},\"query-input\":{\"@type\":\"PropertyValueSpecification\",\"valueRequired\":true,\"valueName\":\"search_term_string\"}}],\"inLanguage\":\"it-IT\"},{\"@type\":\"Organization\",\"@id\":\"https:\\\/\\\/www.amstelprinting.nl\\\/it\\\/#organization\",\"name\":\"Amstel Printing\",\"url\":\"https:\\\/\\\/www.amstelprinting.nl\\\/it\\\/\",\"logo\":{\"@type\":\"ImageObject\",\"inLanguage\":\"it-IT\",\"@id\":\"https:\\\/\\\/www.amstelprinting.nl\\\/it\\\/#\\\/schema\\\/logo\\\/image\\\/\",\"url\":\"https:\\\/\\\/www.amstelprinting.nl\\\/wp-content\\\/uploads\\\/amstel_printing_logo_clean.png\",\"contentUrl\":\"https:\\\/\\\/www.amstelprinting.nl\\\/wp-content\\\/uploads\\\/amstel_printing_logo_clean.png\",\"width\":324,\"height\":73,\"caption\":\"Amstel Printing\"},\"image\":{\"@id\":\"https:\\\/\\\/www.amstelprinting.nl\\\/it\\\/#\\\/schema\\\/logo\\\/image\\\/\"}}]}<\/script>\n<!-- \/ Yoast SEO plugin. -->","yoast_head_json":{"title":"Raschietto per ghiaccio | Amstel Printing","robots":{"index":"index","follow":"follow","max-snippet":"max-snippet:-1","max-image-preview":"max-image-preview:large","max-video-preview":"max-video-preview:-1"},"canonical":"https:\/\/www.amstelprinting.nl\/it\/negozio\/borsa-di-studio-evento\/decorazione\/raschietto-per-ghiaccio\/","og_locale":"it_IT","og_type":"article","og_title":"Raschietto per ghiaccio | Amstel Printing","og_description":"Raschietti per ghiaccio personalizzati \u2013 Indispensabili nelle mattine fredde Parabrezza ghiacciati? Con un raschietto per ghiaccio personalizzato, rimuovi neve e ghiaccio in un attimo. Completamente nel tuo stile aziendale. Questo aiuto invernale compatto e robusto non \u00e8 solo funzionale, ma anche un potente strumento promozionale durante i mesi invernali. Ordina oggi stesso raschietti per ghiaccio stampati con il tuo logo, design o messaggio.","og_url":"https:\/\/www.amstelprinting.nl\/it\/negozio\/borsa-di-studio-evento\/decorazione\/raschietto-per-ghiaccio\/","og_site_name":"Amstel Printing","article_modified_time":"2026-02-18T11:34:40+00:00","og_image":[{"width":700,"height":700,"url":"https:\/\/www.amstelprinting.nl\/wp-content\/uploads\/IJskrabber.jpg","type":"image\/jpeg"}],"twitter_card":"summary_large_image","twitter_misc":{"Tempo di lettura stimato":"1 minuto"},"schema":{"@context":"https:\/\/schema.org","@graph":[{"@type":"WebPage","@id":"https:\/\/www.amstelprinting.nl\/it\/negozio\/borsa-di-studio-evento\/decorazione\/raschietto-per-ghiaccio\/","url":"https:\/\/www.amstelprinting.nl\/it\/negozio\/borsa-di-studio-evento\/decorazione\/raschietto-per-ghiaccio\/","name":"Raschietto per ghiaccio | Amstel Printing","isPartOf":{"@id":"https:\/\/www.amstelprinting.nl\/it\/#website"},"primaryImageOfPage":{"@id":"https:\/\/www.amstelprinting.nl\/it\/negozio\/borsa-di-studio-evento\/decorazione\/raschietto-per-ghiaccio\/#primaryimage"},"image":{"@id":"https:\/\/www.amstelprinting.nl\/it\/negozio\/borsa-di-studio-evento\/decorazione\/raschietto-per-ghiaccio\/#primaryimage"},"thumbnailUrl":"https:\/\/www.amstelprinting.nl\/wp-content\/uploads\/IJskrabber.jpg","datePublished":"2025-07-15T10:51:59+00:00","dateModified":"2026-02-18T11:34:40+00:00","breadcrumb":{"@id":"https:\/\/www.amstelprinting.nl\/it\/negozio\/borsa-di-studio-evento\/decorazione\/raschietto-per-ghiaccio\/#breadcrumb"},"inLanguage":"it-IT","potentialAction":[{"@type":"ReadAction","target":["https:\/\/www.amstelprinting.nl\/it\/negozio\/borsa-di-studio-evento\/decorazione\/raschietto-per-ghiaccio\/"]}]},{"@type":"ImageObject","inLanguage":"it-IT","@id":"https:\/\/www.amstelprinting.nl\/it\/negozio\/borsa-di-studio-evento\/decorazione\/raschietto-per-ghiaccio\/#primaryimage","url":"https:\/\/www.amstelprinting.nl\/wp-content\/uploads\/IJskrabber.jpg","contentUrl":"https:\/\/www.amstelprinting.nl\/wp-content\/uploads\/IJskrabber.jpg","width":700,"height":700},{"@type":"BreadcrumbList","@id":"https:\/\/www.amstelprinting.nl\/it\/negozio\/borsa-di-studio-evento\/decorazione\/raschietto-per-ghiaccio\/#breadcrumb","itemListElement":[{"@type":"ListItem","position":1,"name":"","item":"https:\/\/www.amstelprinting.nl\/it\/"},{"@type":"ListItem","position":2,"name":"Amstel Printing","item":"https:\/\/www.amstelprinting.nl\/it\/negozio\/"},{"@type":"ListItem","position":3,"name":"Borsa di studio evento","item":"https:\/\/www.amstelprinting.nl\/it\/categoria\/borsa-di-studio-evento\/"},{"@type":"ListItem","position":4,"name":"Raschietto per ghiaccio"}]},{"@type":"WebSite","@id":"https:\/\/www.amstelprinting.nl\/it\/#website","url":"https:\/\/www.amstelprinting.nl\/it\/","name":"Amstel Printing","description":"Creating Exposure","publisher":{"@id":"https:\/\/www.amstelprinting.nl\/it\/#organization"},"potentialAction":[{"@type":"SearchAction","target":{"@type":"EntryPoint","urlTemplate":"https:\/\/www.amstelprinting.nl\/it\/?s={search_term_string}"},"query-input":{"@type":"PropertyValueSpecification","valueRequired":true,"valueName":"search_term_string"}}],"inLanguage":"it-IT"},{"@type":"Organization","@id":"https:\/\/www.amstelprinting.nl\/it\/#organization","name":"Amstel Printing","url":"https:\/\/www.amstelprinting.nl\/it\/","logo":{"@type":"ImageObject","inLanguage":"it-IT","@id":"https:\/\/www.amstelprinting.nl\/it\/#\/schema\/logo\/image\/","url":"https:\/\/www.amstelprinting.nl\/wp-content\/uploads\/amstel_printing_logo_clean.png","contentUrl":"https:\/\/www.amstelprinting.nl\/wp-content\/uploads\/amstel_printing_logo_clean.png","width":324,"height":73,"caption":"Amstel Printing"},"image":{"@id":"https:\/\/www.amstelprinting.nl\/it\/#\/schema\/logo\/image\/"}}]}},"_links":{"self":[{"href":"https:\/\/www.amstelprinting.nl\/it\/wp-json\/wp\/v2\/product\/9521","targetHints":{"allow":["GET"]}}],"collection":[{"href":"https:\/\/www.amstelprinting.nl\/it\/wp-json\/wp\/v2\/product"}],"about":[{"href":"https:\/\/www.amstelprinting.nl\/it\/wp-json\/wp\/v2\/types\/product"}],"wp:featuredmedia":[{"embeddable":true,"href":"https:\/\/www.amstelprinting.nl\/it\/wp-json\/wp\/v2\/media\/9522"}],"wp:attachment":[{"href":"https:\/\/www.amstelprinting.nl\/it\/wp-json\/wp\/v2\/media?parent=9521"}],"wp:term":[{"taxonomy":"product_brand","embeddable":true,"href":"https:\/\/www.amstelprinting.nl\/it\/wp-json\/wp\/v2\/product_brand?post=9521"},{"taxonomy":"product_cat","embeddable":true,"href":"https:\/\/www.amstelprinting.nl\/it\/wp-json\/wp\/v2\/product_cat?post=9521"},{"taxonomy":"product_tag","embeddable":true,"href":"https:\/\/www.amstelprinting.nl\/it\/wp-json\/wp\/v2\/product_tag?post=9521"}],"curies":[{"name":"wp","href":"https:\/\/api.w.org\/{rel}","templated":true}]}}